{"id":101,"date":"2019-10-03T19:10:27","date_gmt":"2019-10-03T22:10:27","guid":{"rendered":"https:\/\/laroccaneumaticos.com\/?page_id=101"},"modified":"2023-02-06T10:27:39","modified_gmt":"2023-02-06T13:27:39","slug":"quienes-somos","status":"publish","type":"page","link":"https:\/\/sagerequipamientos.com.ar\/index.php\/quienes-somos\/","title":{"rendered":"QUIENES SOMOS"},"content":{"rendered":"\n<figure class=\"wp-block-image size-full\"><img loading=\"lazy\" decoding=\"async\" width=\"2000\" height=\"816\" src=\"http:\/\/sagerequipamientos.com.ar\/wp-content\/uploads\/2023\/02\/QUIENES-SOMOS-BANNER.jpg\" alt=\"\" class=\"wp-image-1581\" srcset=\"https:\/\/sagerequipamientos.com.ar\/wp-content\/uploads\/2023\/02\/QUIENES-SOMOS-BANNER.jpg 2000w, https:\/\/sagerequipamientos.com.ar\/wp-content\/uploads\/2023\/02\/QUIENES-SOMOS-BANNER-555x226.jpg 555w\" sizes=\"auto, (max-width: 2000px) 100vw, 2000px\" \/><figcaption class=\"wp-element-caption\">Abstract blurred supermarket aisle with colorful shelves and unrecognizable customers as background<\/figcaption><\/figure>\n\n\n\n<h2 class=\"has-text-align-center wp-block-heading\">Venta de equipamientos para supermercado, gastronom\u00edas, panader\u00edas, refrigeraci\u00f3n comercial<\/h2>\n\n\n\n<h1 class=\"has-text-align-center wp-block-heading\"><strong>\u00bfQUE HACEMOS?<\/strong><\/h1>\n\n\n\n<p>Venta e instalaci\u00f3n de equipos de fr\u00edo (c\u00e1maras g\u00f3ndolas de l\u00e1cteos y todo tipo de heladeras comerciales), tenemos todas las l\u00edneas en m\u00e1quinas de carnicer\u00eda, exhibici\u00f3n (g\u00f3ndolas, estanter\u00edas etc.) pero principalmente asesoramiento para que la inversi\u00f3n de nuestros clientes les de los resultados que ellos esperan.<\/p>\n\n\n\n<div class=\"wp-block-columns is-layout-flex wp-container-core-columns-is-layout-9d6595d7 wp-block-columns-is-layout-flex\">\n<div class=\"wp-block-column is-layout-flow wp-block-column-is-layout-flow\" style=\"flex-basis:100%\">\n<div class=\"wp-block-group\"><div class=\"wp-block-group__inner-container is-layout-constrained wp-block-group-is-layout-constrained\">\n<figure class=\"wp-block-table is-style-stripes\"><table><tbody><tr><td>          <\/td><td><br><strong>1. COCCI\u00d3N<\/strong><br><strong>2. GASTRONOM\u00cdA<\/strong><br><strong>3. EQUIPAMIENTOS COMERCIALES<\/strong><br><strong>4. REFRIGERACI\u00d3N<\/strong><br><strong>5. CARNICER\u00cdA<\/strong><br><strong>6. PANADER\u00cdA<\/strong><br><strong>6. REPUESTOS<\/strong><\/td><td><\/td><td><\/td><td><\/td><td>          <\/td><\/tr><\/tbody><\/table><\/figure>\n\n\n\n<figure class=\"wp-block-table is-style-stripes\"><table><tbody><tr><td>          <\/td><td>\n<div class=\"wpcf7 no-js\" id=\"wpcf7-f19-o1\" lang=\"es-AR\" dir=\"ltr\" data-wpcf7-id=\"19\">\n<div class=\"screen-reader-response\"><p role=\"status\" aria-live=\"polite\" aria-atomic=\"true\"><\/p> <ul><\/ul><\/div>\n<form action=\"\/index.php\/wp-json\/wp\/v2\/pages\/101#wpcf7-f19-o1\" method=\"post\" class=\"wpcf7-form init\" aria-label=\"Formulario de contacto\" novalidate=\"novalidate\" data-status=\"init\">\n<fieldset class=\"hidden-fields-container\"><input type=\"hidden\" name=\"_wpcf7\" value=\"19\" \/><input type=\"hidden\" name=\"_wpcf7_version\" value=\"6.1.5\" \/><input type=\"hidden\" name=\"_wpcf7_locale\" value=\"es_AR\" \/><input type=\"hidden\" name=\"_wpcf7_unit_tag\" value=\"wpcf7-f19-o1\" \/><input type=\"hidden\" name=\"_wpcf7_container_post\" value=\"0\" \/><input type=\"hidden\" name=\"_wpcf7_posted_data_hash\" value=\"\" \/>\n<\/fieldset>\n<p><label> Nombre (obligatorio)<br \/>\n<span class=\"wpcf7-form-control-wrap\" data-name=\"your-name\"><input size=\"40\" maxlength=\"400\" class=\"wpcf7-form-control wpcf7-text wpcf7-validates-as-required\" aria-required=\"true\" aria-invalid=\"false\" value=\"\" type=\"text\" name=\"your-name\" \/><\/span> <\/label>\n<\/p>\n<p><label> Correo electr\u00f3nico (obligatorio)<br \/>\n<span class=\"wpcf7-form-control-wrap\" data-name=\"your-email\"><input size=\"40\" maxlength=\"400\" class=\"wpcf7-form-control wpcf7-email wpcf7-validates-as-required wpcf7-text wpcf7-validates-as-email\" aria-required=\"true\" aria-invalid=\"false\" value=\"\" type=\"email\" name=\"your-email\" \/><\/span> <\/label>\n<\/p>\n<p><label> Asunto<br \/>\n<span class=\"wpcf7-form-control-wrap\" data-name=\"your-subject\"><input size=\"40\" maxlength=\"400\" class=\"wpcf7-form-control wpcf7-text\" aria-invalid=\"false\" value=\"\" type=\"text\" name=\"your-subject\" \/><\/span> <\/label>\n<\/p>\n<p><label> Mensaje<br \/>\n<span class=\"wpcf7-form-control-wrap\" data-name=\"your-message\"><textarea cols=\"40\" rows=\"10\" maxlength=\"2000\" class=\"wpcf7-form-control wpcf7-textarea\" aria-invalid=\"false\" name=\"your-message\"><\/textarea><\/span> <\/label>\n<\/p>\n<p><input class=\"wpcf7-form-control wpcf7-submit has-spinner\" type=\"submit\" value=\"Enviar\" \/>\n<\/p><div class=\"wpcf7-response-output\" aria-hidden=\"true\"><\/div>\n<\/form>\n<\/div>\n<\/td><td><\/td><td><\/td><td><strong>Direcci\u00f3n:<br><\/strong>Beato Roque Gonzalez Norte 616 Ober\u00e1 3360 Misiones&nbsp;<br><br><strong>Correo:<\/strong><br><a href=\"mailto: silvanasager5@gmail.com\">silvanasager5@gmail.com&nbsp;<br><\/a><a href=\"mailto:sagerequipamientos@yahoo.com.ar\">sagerequipamientos@yahoo.com.ar<\/a><br><br><strong>Celular:<\/strong><br><a href=\"tel:+5493755235999\" target=\"_blank\" rel=\"noreferrer noopener\">(03755) 15 235999<\/a><br><a href=\"tel:+5493755457098\" target=\"_blank\" rel=\"noreferrer noopener\">(03755) 15 457098<\/a><br><a href=\"tel:+5493755449633\" target=\"_blank\" rel=\"noreferrer noopener\">(03755) 15 449633<\/a><br><br><strong>Horario:<\/strong><br>Lunes a viernes 7:30 a 12:00 y de 16:00 a 20:00 sabados de 8:00 a 12:00<br><br><strong>Formas de pago:<\/strong><br>Efectivo, tarjetas de cr\u00e9dito y d\u00e9bito, transferencia bancaria cheques<br><a href=\"https:\/\/www.facebook.com\/Equipamientos-comerciales-Sager-112641350178315\/\" target=\"_blank\" rel=\"noreferrer noopener\"><\/a>&nbsp;<a href=\"https:\/\/google.com\/maps\/place\/SAGER+EQUIPAMIENTOS+COMERCIALES\/@-30.9547827,-61.5491004,6z\/data=!4m19!1m13!4m12!1m4!2m2!1d-58.4777728!2d-34.5767936!4e1!1m6!1m2!1s0x94f8f5070632115b:0x153a08149d96904f!2sSAGER+EQUIPAMIENTOS+COMERCIALES!2m2!1d-55.0947892!2d-27.4880986!3m4!1s0x94f8f5070632115b:0x153a08149d96904f!8m2!3d-27.4880986!4d-55.0947892\" target=\"_blank\" rel=\"noreferrer noopener\"><\/a>&nbsp;<\/td><td>          <\/td><\/tr><\/tbody><\/table><\/figure>\n<\/div><\/div>\n<\/div>\n<\/div>\n","protected":false},"excerpt":{"rendered":"<p>Venta de equipamientos para supermercado, gastronom\u00edas, panader\u00edas, refrigeraci\u00f3n comercial \u00bfQUE HACEMOS? Venta e instalaci\u00f3n de equipos de fr\u00edo (c\u00e1maras g\u00f3ndolas de l\u00e1cteos y todo tipo de heladeras comerciales), tenemos todas las l\u00edneas en m\u00e1quinas de carnicer\u00eda, exhibici\u00f3n (g\u00f3ndolas, estanter\u00edas etc.) pero principalmente asesoramiento para que la inversi\u00f3n de nuestros clientes les de los resultados que [&hellip;]<\/p>\n","protected":false},"author":1,"featured_media":0,"parent":0,"menu_order":0,"comment_status":"closed","ping_status":"closed","template":"","meta":{"om_disable_all_campaigns":false,"_monsterinsights_skip_tracking":false,"_monsterinsights_sitenote_active":false,"_monsterinsights_sitenote_note":"","_monsterinsights_sitenote_category":0,"footnotes":""},"class_list":["post-101","page","type-page","status-publish","hentry"],"yoast_head":"<!-- This site is optimized with the Yoast SEO plugin v27.4 - https:\/\/yoast.com\/product\/yoast-seo-wordpress\/ -->\n<title>QUIENES SOMOS - Sager Equipamientos<\/title>\n<meta name=\"description\" content=\"\u25b7 \u00bfQue equipamiento necesito? . Las Mejores marcas de Equipamientos para supermercado, gastronom\u00edas, panader\u00edas, refrigeraci\u00f3n comercial ?\u2705\" \/>\n<meta name=\"robots\" content=\"index, follow, max-snippet:-1, max-image-preview:large, max-video-preview:-1\" \/>\n<link rel=\"canonical\" href=\"https:\/\/sagerequipamientos.com.ar\/index.php\/quienes-somos\/\" \/>\n<meta property=\"og:locale\" content=\"es_ES\" \/>\n<meta property=\"og:type\" content=\"article\" \/>\n<meta property=\"og:title\" content=\"QUIENES SOMOS - Sager Equipamientos\" \/>\n<meta property=\"og:description\" content=\"\u25b7 \u00bfQue equipamiento necesito? . Las Mejores marcas de Equipamientos para supermercado, gastronom\u00edas, panader\u00edas, refrigeraci\u00f3n comercial ?\u2705\" \/>\n<meta property=\"og:url\" content=\"https:\/\/sagerequipamientos.com.ar\/index.php\/quienes-somos\/\" \/>\n<meta property=\"og:site_name\" content=\"Sager Equipamientos\" \/>\n<meta property=\"article:publisher\" content=\"https:\/\/www.facebook.com\/sager.equipamientos.misiones\" \/>\n<meta property=\"article:modified_time\" content=\"2023-02-06T13:27:39+00:00\" \/>\n<meta property=\"og:image\" content=\"http:\/\/sagerequipamientos.com.ar\/wp-content\/uploads\/2023\/02\/QUIENES-SOMOS-BANNER.jpg\" \/>\n<meta name=\"twitter:card\" content=\"summary_large_image\" \/>\n<meta name=\"twitter:label1\" content=\"Tiempo de lectura\" \/>\n\t<meta name=\"twitter:data1\" content=\"1 minuto\" \/>\n<script type=\"application\/ld+json\" class=\"yoast-schema-graph\">{\"@context\":\"https:\\\/\\\/schema.org\",\"@graph\":[{\"@type\":\"WebPage\",\"@id\":\"https:\\\/\\\/sagerequipamientos.com.ar\\\/index.php\\\/quienes-somos\\\/\",\"url\":\"https:\\\/\\\/sagerequipamientos.com.ar\\\/index.php\\\/quienes-somos\\\/\",\"name\":\"QUIENES SOMOS - Sager Equipamientos\",\"isPartOf\":{\"@id\":\"http:\\\/\\\/sagerequipamientos.com.ar\\\/#website\"},\"primaryImageOfPage\":{\"@id\":\"https:\\\/\\\/sagerequipamientos.com.ar\\\/index.php\\\/quienes-somos\\\/#primaryimage\"},\"image\":{\"@id\":\"https:\\\/\\\/sagerequipamientos.com.ar\\\/index.php\\\/quienes-somos\\\/#primaryimage\"},\"thumbnailUrl\":\"http:\\\/\\\/sagerequipamientos.com.ar\\\/wp-content\\\/uploads\\\/2023\\\/02\\\/QUIENES-SOMOS-BANNER.jpg\",\"datePublished\":\"2019-10-03T22:10:27+00:00\",\"dateModified\":\"2023-02-06T13:27:39+00:00\",\"description\":\"\u25b7 \u00bfQue equipamiento necesito? . Las Mejores marcas de Equipamientos para supermercado, gastronom\u00edas, panader\u00edas, refrigeraci\u00f3n comercial ?\u2705\",\"breadcrumb\":{\"@id\":\"https:\\\/\\\/sagerequipamientos.com.ar\\\/index.php\\\/quienes-somos\\\/#breadcrumb\"},\"inLanguage\":\"es\",\"potentialAction\":[{\"@type\":\"ReadAction\",\"target\":[\"https:\\\/\\\/sagerequipamientos.com.ar\\\/index.php\\\/quienes-somos\\\/\"]}]},{\"@type\":\"ImageObject\",\"inLanguage\":\"es\",\"@id\":\"https:\\\/\\\/sagerequipamientos.com.ar\\\/index.php\\\/quienes-somos\\\/#primaryimage\",\"url\":\"http:\\\/\\\/sagerequipamientos.com.ar\\\/wp-content\\\/uploads\\\/2023\\\/02\\\/QUIENES-SOMOS-BANNER.jpg\",\"contentUrl\":\"http:\\\/\\\/sagerequipamientos.com.ar\\\/wp-content\\\/uploads\\\/2023\\\/02\\\/QUIENES-SOMOS-BANNER.jpg\"},{\"@type\":\"BreadcrumbList\",\"@id\":\"https:\\\/\\\/sagerequipamientos.com.ar\\\/index.php\\\/quienes-somos\\\/#breadcrumb\",\"itemListElement\":[{\"@type\":\"ListItem\",\"position\":1,\"name\":\"Portada\",\"item\":\"https:\\\/\\\/sagerequipamientos.com.ar\\\/\"},{\"@type\":\"ListItem\",\"position\":2,\"name\":\"QUIENES SOMOS\"}]},{\"@type\":\"WebSite\",\"@id\":\"http:\\\/\\\/sagerequipamientos.com.ar\\\/#website\",\"url\":\"http:\\\/\\\/sagerequipamientos.com.ar\\\/\",\"name\":\"Sager Equipamientos\",\"description\":\"Equipamientos para supermercados, gastronom\u00edas, panader\u00edas, refrigeraci\u00f3n comercial\",\"publisher\":{\"@id\":\"http:\\\/\\\/sagerequipamientos.com.ar\\\/#organization\"},\"potentialAction\":[{\"@type\":\"SearchAction\",\"target\":{\"@type\":\"EntryPoint\",\"urlTemplate\":\"http:\\\/\\\/sagerequipamientos.com.ar\\\/?s={search_term_string}\"},\"query-input\":{\"@type\":\"PropertyValueSpecification\",\"valueRequired\":true,\"valueName\":\"search_term_string\"}}],\"inLanguage\":\"es\"},{\"@type\":\"Organization\",\"@id\":\"http:\\\/\\\/sagerequipamientos.com.ar\\\/#organization\",\"name\":\"Sager Equipamientos\",\"url\":\"http:\\\/\\\/sagerequipamientos.com.ar\\\/\",\"logo\":{\"@type\":\"ImageObject\",\"inLanguage\":\"es\",\"@id\":\"http:\\\/\\\/sagerequipamientos.com.ar\\\/#\\\/schema\\\/logo\\\/image\\\/\",\"url\":\"https:\\\/\\\/sagerequipamientos.com.ar\\\/wp-content\\\/uploads\\\/2023\\\/01\\\/cropped-cropped-Marca-Sager-Equipamientos-comerciales-01.png\",\"contentUrl\":\"https:\\\/\\\/sagerequipamientos.com.ar\\\/wp-content\\\/uploads\\\/2023\\\/01\\\/cropped-cropped-Marca-Sager-Equipamientos-comerciales-01.png\",\"width\":253,\"height\":253,\"caption\":\"Sager Equipamientos\"},\"image\":{\"@id\":\"http:\\\/\\\/sagerequipamientos.com.ar\\\/#\\\/schema\\\/logo\\\/image\\\/\"},\"sameAs\":[\"https:\\\/\\\/www.facebook.com\\\/sager.equipamientos.misiones\",\"https:\\\/\\\/www.instagram.com\\\/equipamientos_sager\\\/\"]}]}<\/script>\n<!-- \/ Yoast SEO plugin. -->","yoast_head_json":{"title":"QUIENES SOMOS - Sager Equipamientos","description":"\u25b7 \u00bfQue equipamiento necesito? . Las Mejores marcas de Equipamientos para supermercado, gastronom\u00edas, panader\u00edas, refrigeraci\u00f3n comercial ?\u2705","robots":{"index":"index","follow":"follow","max-snippet":"max-snippet:-1","max-image-preview":"max-image-preview:large","max-video-preview":"max-video-preview:-1"},"canonical":"https:\/\/sagerequipamientos.com.ar\/index.php\/quienes-somos\/","og_locale":"es_ES","og_type":"article","og_title":"QUIENES SOMOS - Sager Equipamientos","og_description":"\u25b7 \u00bfQue equipamiento necesito? . Las Mejores marcas de Equipamientos para supermercado, gastronom\u00edas, panader\u00edas, refrigeraci\u00f3n comercial ?\u2705","og_url":"https:\/\/sagerequipamientos.com.ar\/index.php\/quienes-somos\/","og_site_name":"Sager Equipamientos","article_publisher":"https:\/\/www.facebook.com\/sager.equipamientos.misiones","article_modified_time":"2023-02-06T13:27:39+00:00","og_image":[{"url":"http:\/\/sagerequipamientos.com.ar\/wp-content\/uploads\/2023\/02\/QUIENES-SOMOS-BANNER.jpg","type":"","width":"","height":""}],"twitter_card":"summary_large_image","twitter_misc":{"Tiempo de lectura":"1 minuto"},"schema":{"@context":"https:\/\/schema.org","@graph":[{"@type":"WebPage","@id":"https:\/\/sagerequipamientos.com.ar\/index.php\/quienes-somos\/","url":"https:\/\/sagerequipamientos.com.ar\/index.php\/quienes-somos\/","name":"QUIENES SOMOS - Sager Equipamientos","isPartOf":{"@id":"http:\/\/sagerequipamientos.com.ar\/#website"},"primaryImageOfPage":{"@id":"https:\/\/sagerequipamientos.com.ar\/index.php\/quienes-somos\/#primaryimage"},"image":{"@id":"https:\/\/sagerequipamientos.com.ar\/index.php\/quienes-somos\/#primaryimage"},"thumbnailUrl":"http:\/\/sagerequipamientos.com.ar\/wp-content\/uploads\/2023\/02\/QUIENES-SOMOS-BANNER.jpg","datePublished":"2019-10-03T22:10:27+00:00","dateModified":"2023-02-06T13:27:39+00:00","description":"\u25b7 \u00bfQue equipamiento necesito? . Las Mejores marcas de Equipamientos para supermercado, gastronom\u00edas, panader\u00edas, refrigeraci\u00f3n comercial ?\u2705","breadcrumb":{"@id":"https:\/\/sagerequipamientos.com.ar\/index.php\/quienes-somos\/#breadcrumb"},"inLanguage":"es","potentialAction":[{"@type":"ReadAction","target":["https:\/\/sagerequipamientos.com.ar\/index.php\/quienes-somos\/"]}]},{"@type":"ImageObject","inLanguage":"es","@id":"https:\/\/sagerequipamientos.com.ar\/index.php\/quienes-somos\/#primaryimage","url":"http:\/\/sagerequipamientos.com.ar\/wp-content\/uploads\/2023\/02\/QUIENES-SOMOS-BANNER.jpg","contentUrl":"http:\/\/sagerequipamientos.com.ar\/wp-content\/uploads\/2023\/02\/QUIENES-SOMOS-BANNER.jpg"},{"@type":"BreadcrumbList","@id":"https:\/\/sagerequipamientos.com.ar\/index.php\/quienes-somos\/#breadcrumb","itemListElement":[{"@type":"ListItem","position":1,"name":"Portada","item":"https:\/\/sagerequipamientos.com.ar\/"},{"@type":"ListItem","position":2,"name":"QUIENES SOMOS"}]},{"@type":"WebSite","@id":"http:\/\/sagerequipamientos.com.ar\/#website","url":"http:\/\/sagerequipamientos.com.ar\/","name":"Sager Equipamientos","description":"Equipamientos para supermercados, gastronom\u00edas, panader\u00edas, refrigeraci\u00f3n comercial","publisher":{"@id":"http:\/\/sagerequipamientos.com.ar\/#organization"},"potentialAction":[{"@type":"SearchAction","target":{"@type":"EntryPoint","urlTemplate":"http:\/\/sagerequipamientos.com.ar\/?s={search_term_string}"},"query-input":{"@type":"PropertyValueSpecification","valueRequired":true,"valueName":"search_term_string"}}],"inLanguage":"es"},{"@type":"Organization","@id":"http:\/\/sagerequipamientos.com.ar\/#organization","name":"Sager Equipamientos","url":"http:\/\/sagerequipamientos.com.ar\/","logo":{"@type":"ImageObject","inLanguage":"es","@id":"http:\/\/sagerequipamientos.com.ar\/#\/schema\/logo\/image\/","url":"https:\/\/sagerequipamientos.com.ar\/wp-content\/uploads\/2023\/01\/cropped-cropped-Marca-Sager-Equipamientos-comerciales-01.png","contentUrl":"https:\/\/sagerequipamientos.com.ar\/wp-content\/uploads\/2023\/01\/cropped-cropped-Marca-Sager-Equipamientos-comerciales-01.png","width":253,"height":253,"caption":"Sager Equipamientos"},"image":{"@id":"http:\/\/sagerequipamientos.com.ar\/#\/schema\/logo\/image\/"},"sameAs":["https:\/\/www.facebook.com\/sager.equipamientos.misiones","https:\/\/www.instagram.com\/equipamientos_sager\/"]}]}},"_links":{"self":[{"href":"https:\/\/sagerequipamientos.com.ar\/index.php\/wp-json\/wp\/v2\/pages\/101","targetHints":{"allow":["GET"]}}],"collection":[{"href":"https:\/\/sagerequipamientos.com.ar\/index.php\/wp-json\/wp\/v2\/pages"}],"about":[{"href":"https:\/\/sagerequipamientos.com.ar\/index.php\/wp-json\/wp\/v2\/types\/page"}],"author":[{"embeddable":true,"href":"https:\/\/sagerequipamientos.com.ar\/index.php\/wp-json\/wp\/v2\/users\/1"}],"replies":[{"embeddable":true,"href":"https:\/\/sagerequipamientos.com.ar\/index.php\/wp-json\/wp\/v2\/comments?post=101"}],"version-history":[{"count":56,"href":"https:\/\/sagerequipamientos.com.ar\/index.php\/wp-json\/wp\/v2\/pages\/101\/revisions"}],"predecessor-version":[{"id":1708,"href":"https:\/\/sagerequipamientos.com.ar\/index.php\/wp-json\/wp\/v2\/pages\/101\/revisions\/1708"}],"wp:attachment":[{"href":"https:\/\/sagerequipamientos.com.ar\/index.php\/wp-json\/wp\/v2\/media?parent=101"}],"curies":[{"name":"wp","href":"https:\/\/api.w.org\/{rel}","templated":true}]}}