{"id":1496,"date":"2023-01-29T20:46:47","date_gmt":"2023-01-29T23:46:47","guid":{"rendered":"http:\/\/sagerequipamientos.com.ar\/?page_id=1496"},"modified":"2023-02-06T09:33:47","modified_gmt":"2023-02-06T12:33:47","slug":"inicio-2","status":"publish","type":"page","link":"https:\/\/sagerequipamientos.com.ar\/","title":{"rendered":"INICIO"},"content":{"rendered":"\n<figure class=\"wp-block-image size-full\"><img loading=\"lazy\" decoding=\"async\" width=\"2000\" height=\"816\" src=\"https:\/\/sagerequipamientos.com.ar\/wp-content\/uploads\/2023\/02\/INICIO-BANNER.jpg\" alt=\"\" class=\"wp-image-1589\" srcset=\"https:\/\/sagerequipamientos.com.ar\/wp-content\/uploads\/2023\/02\/INICIO-BANNER.jpg 2000w, https:\/\/sagerequipamientos.com.ar\/wp-content\/uploads\/2023\/02\/INICIO-BANNER-555x226.jpg 555w\" sizes=\"auto, (max-width: 2000px) 100vw, 2000px\" \/><figcaption class=\"wp-element-caption\">Abstract blurred supermarket aisle with colorful shelves and unrecognizable customers as background<\/figcaption><\/figure>\n\n\n\n<h3 class=\"wp-block-heading\"><strong>Equipamiento de refrigeraci\u00f3n, \u200b\u200b\u200b\u200bcomercial en misiones<\/strong><\/h3>\n\n\n\n<h2 class=\"wp-block-heading\">Te asesoramos para mejorar los resultados de tu inversi\u00f3n<strong><\/strong><\/h2>\n\n\n\n<h1 class=\"wp-block-heading\"><strong>\u00bfQui\u00e9nes somos?<\/strong><\/h1>\n\n\n\n<p>Somos una empresa pionera en la provincia de Misiones en la venta e instalaci\u00f3n de equipamientos para supermercados, carnicer\u00edas, emprendimientos gastron\u00f3micos. M\u00e1s de 50 a\u00f1os avalan nuestro compromiso y responsabilidad con nuestros clientes.<\/p>\n\n\n\n<div class=\"wp-block-jetpack-slideshow\" data-autoplay=\"true\" data-delay=\"3\" data-effect=\"slide\"><div class=\"wp-block-jetpack-slideshow_container swiper-container\"><ul class=\"wp-block-jetpack-slideshow_swiper-wrapper swiper-wrapper\"><li class=\"wp-block-jetpack-slideshow_slide swiper-slide\"><figure><img loading=\"lazy\" decoding=\"async\" width=\"475\" height=\"443\" alt=\"\" class=\"wp-block-jetpack-slideshow_image wp-image-1591\" data-id=\"1591\" src=\"http:\/\/sagerequipamientos.com.ar\/wp-content\/uploads\/2023\/02\/Slider1.jpg\"\/><\/figure><\/li><li class=\"wp-block-jetpack-slideshow_slide swiper-slide\"><figure><img loading=\"lazy\" decoding=\"async\" width=\"475\" height=\"443\" alt=\"\" class=\"wp-block-jetpack-slideshow_image wp-image-1593\" data-id=\"1593\" src=\"http:\/\/sagerequipamientos.com.ar\/wp-content\/uploads\/2023\/02\/slider2.jpg\"\/><figcaption class=\"wp-block-jetpack-slideshow_caption gallery-caption\">Nuestros Productos<\/figcaption><\/figure><\/li><\/ul><a class=\"wp-block-jetpack-slideshow_button-prev swiper-button-prev swiper-button-white\" role=\"button\"><\/a><a class=\"wp-block-jetpack-slideshow_button-next swiper-button-next swiper-button-white\" role=\"button\"><\/a><a aria-label=\"Pause Slideshow\" class=\"wp-block-jetpack-slideshow_button-pause\" role=\"button\"><\/a><div class=\"wp-block-jetpack-slideshow_pagination swiper-pagination swiper-pagination-white\"><\/div><\/div><\/div>\n","protected":false},"excerpt":{"rendered":"<p>Equipamiento de refrigeraci\u00f3n, \u200b\u200b\u200b\u200bcomercial en misiones Te asesoramos para mejorar los resultados de tu inversi\u00f3n \u00bfQui\u00e9nes somos? Somos una empresa pionera en la provincia de Misiones en la venta e instalaci\u00f3n de equipamientos para supermercados, carnicer\u00edas, emprendimientos gastron\u00f3micos. M\u00e1s de 50 a\u00f1os avalan nuestro compromiso y responsabilidad con nuestros clientes.<\/p>\n","protected":false},"author":1,"featured_media":0,"parent":0,"menu_order":0,"comment_status":"closed","ping_status":"closed","template":"","meta":{"om_disable_all_campaigns":false,"_monsterinsights_skip_tracking":false,"_monsterinsights_sitenote_active":false,"_monsterinsights_sitenote_note":"","_monsterinsights_sitenote_category":0,"footnotes":""},"class_list":["post-1496","page","type-page","status-publish","hentry"],"yoast_head":"<!-- This site is optimized with the Yoast SEO plugin v27.4 - https:\/\/yoast.com\/product\/yoast-seo-wordpress\/ -->\n<title>INICIO - Sager Equipamientos<\/title>\n<meta name=\"description\" content=\"\u25b7 \u00bfQue equipamiento necesito? . Las Mejores marcas de Equipamientos para supermercado, gastronom\u00edas, panader\u00edas, refrigeraci\u00f3n comercial ?\u2705\" \/>\n<meta name=\"robots\" content=\"index, follow, max-snippet:-1, max-image-preview:large, max-video-preview:-1\" \/>\n<link rel=\"canonical\" href=\"https:\/\/sagerequipamientos.com.ar\/\" \/>\n<meta property=\"og:locale\" content=\"es_ES\" \/>\n<meta property=\"og:type\" content=\"article\" \/>\n<meta property=\"og:title\" content=\"INICIO - Sager Equipamientos\" \/>\n<meta property=\"og:description\" content=\"\u25b7 \u00bfQue equipamiento necesito? . Las Mejores marcas de Equipamientos para supermercado, gastronom\u00edas, panader\u00edas, refrigeraci\u00f3n comercial ?\u2705\" \/>\n<meta property=\"og:url\" content=\"https:\/\/sagerequipamientos.com.ar\/\" \/>\n<meta property=\"og:site_name\" content=\"Sager Equipamientos\" \/>\n<meta property=\"article:publisher\" content=\"https:\/\/www.facebook.com\/sager.equipamientos.misiones\" \/>\n<meta property=\"article:modified_time\" content=\"2023-02-06T12:33:47+00:00\" \/>\n<meta property=\"og:image\" content=\"https:\/\/sagerequipamientos.com.ar\/wp-content\/uploads\/2023\/02\/INICIO-BANNER.jpg\" \/>\n<meta name=\"twitter:card\" content=\"summary_large_image\" \/>\n<meta name=\"twitter:label1\" content=\"Tiempo de lectura\" \/>\n\t<meta name=\"twitter:data1\" content=\"1 minuto\" \/>\n<script type=\"application\/ld+json\" class=\"yoast-schema-graph\">{\"@context\":\"https:\\\/\\\/schema.org\",\"@graph\":[{\"@type\":\"WebPage\",\"@id\":\"https:\\\/\\\/sagerequipamientos.com.ar\\\/\",\"url\":\"https:\\\/\\\/sagerequipamientos.com.ar\\\/\",\"name\":\"INICIO - Sager Equipamientos\",\"isPartOf\":{\"@id\":\"http:\\\/\\\/sagerequipamientos.com.ar\\\/#website\"},\"primaryImageOfPage\":{\"@id\":\"https:\\\/\\\/sagerequipamientos.com.ar\\\/#primaryimage\"},\"image\":{\"@id\":\"https:\\\/\\\/sagerequipamientos.com.ar\\\/#primaryimage\"},\"thumbnailUrl\":\"https:\\\/\\\/sagerequipamientos.com.ar\\\/wp-content\\\/uploads\\\/2023\\\/02\\\/INICIO-BANNER.jpg\",\"datePublished\":\"2023-01-29T23:46:47+00:00\",\"dateModified\":\"2023-02-06T12:33:47+00:00\",\"description\":\"\u25b7 \u00bfQue equipamiento necesito? . Las Mejores marcas de Equipamientos para supermercado, gastronom\u00edas, panader\u00edas, refrigeraci\u00f3n comercial ?\u2705\",\"breadcrumb\":{\"@id\":\"https:\\\/\\\/sagerequipamientos.com.ar\\\/#breadcrumb\"},\"inLanguage\":\"es\",\"potentialAction\":[{\"@type\":\"ReadAction\",\"target\":[\"https:\\\/\\\/sagerequipamientos.com.ar\\\/\"]}]},{\"@type\":\"ImageObject\",\"inLanguage\":\"es\",\"@id\":\"https:\\\/\\\/sagerequipamientos.com.ar\\\/#primaryimage\",\"url\":\"https:\\\/\\\/sagerequipamientos.com.ar\\\/wp-content\\\/uploads\\\/2023\\\/02\\\/INICIO-BANNER.jpg\",\"contentUrl\":\"https:\\\/\\\/sagerequipamientos.com.ar\\\/wp-content\\\/uploads\\\/2023\\\/02\\\/INICIO-BANNER.jpg\"},{\"@type\":\"BreadcrumbList\",\"@id\":\"https:\\\/\\\/sagerequipamientos.com.ar\\\/#breadcrumb\",\"itemListElement\":[{\"@type\":\"ListItem\",\"position\":1,\"name\":\"Portada\",\"item\":\"https:\\\/\\\/sagerequipamientos.com.ar\\\/\"},{\"@type\":\"ListItem\",\"position\":2,\"name\":\"INICIO\"}]},{\"@type\":\"WebSite\",\"@id\":\"http:\\\/\\\/sagerequipamientos.com.ar\\\/#website\",\"url\":\"http:\\\/\\\/sagerequipamientos.com.ar\\\/\",\"name\":\"Sager Equipamientos\",\"description\":\"Equipamientos para supermercados, gastronom\u00edas, panader\u00edas, refrigeraci\u00f3n comercial\",\"publisher\":{\"@id\":\"http:\\\/\\\/sagerequipamientos.com.ar\\\/#organization\"},\"potentialAction\":[{\"@type\":\"SearchAction\",\"target\":{\"@type\":\"EntryPoint\",\"urlTemplate\":\"http:\\\/\\\/sagerequipamientos.com.ar\\\/?s={search_term_string}\"},\"query-input\":{\"@type\":\"PropertyValueSpecification\",\"valueRequired\":true,\"valueName\":\"search_term_string\"}}],\"inLanguage\":\"es\"},{\"@type\":\"Organization\",\"@id\":\"http:\\\/\\\/sagerequipamientos.com.ar\\\/#organization\",\"name\":\"Sager Equipamientos\",\"url\":\"http:\\\/\\\/sagerequipamientos.com.ar\\\/\",\"logo\":{\"@type\":\"ImageObject\",\"inLanguage\":\"es\",\"@id\":\"http:\\\/\\\/sagerequipamientos.com.ar\\\/#\\\/schema\\\/logo\\\/image\\\/\",\"url\":\"https:\\\/\\\/sagerequipamientos.com.ar\\\/wp-content\\\/uploads\\\/2023\\\/01\\\/cropped-cropped-Marca-Sager-Equipamientos-comerciales-01.png\",\"contentUrl\":\"https:\\\/\\\/sagerequipamientos.com.ar\\\/wp-content\\\/uploads\\\/2023\\\/01\\\/cropped-cropped-Marca-Sager-Equipamientos-comerciales-01.png\",\"width\":253,\"height\":253,\"caption\":\"Sager Equipamientos\"},\"image\":{\"@id\":\"http:\\\/\\\/sagerequipamientos.com.ar\\\/#\\\/schema\\\/logo\\\/image\\\/\"},\"sameAs\":[\"https:\\\/\\\/www.facebook.com\\\/sager.equipamientos.misiones\",\"https:\\\/\\\/www.instagram.com\\\/equipamientos_sager\\\/\"]}]}<\/script>\n<!-- \/ Yoast SEO plugin. -->","yoast_head_json":{"title":"INICIO - Sager Equipamientos","description":"\u25b7 \u00bfQue equipamiento necesito? . Las Mejores marcas de Equipamientos para supermercado, gastronom\u00edas, panader\u00edas, refrigeraci\u00f3n comercial ?\u2705","robots":{"index":"index","follow":"follow","max-snippet":"max-snippet:-1","max-image-preview":"max-image-preview:large","max-video-preview":"max-video-preview:-1"},"canonical":"https:\/\/sagerequipamientos.com.ar\/","og_locale":"es_ES","og_type":"article","og_title":"INICIO - Sager Equipamientos","og_description":"\u25b7 \u00bfQue equipamiento necesito? . Las Mejores marcas de Equipamientos para supermercado, gastronom\u00edas, panader\u00edas, refrigeraci\u00f3n comercial ?\u2705","og_url":"https:\/\/sagerequipamientos.com.ar\/","og_site_name":"Sager Equipamientos","article_publisher":"https:\/\/www.facebook.com\/sager.equipamientos.misiones","article_modified_time":"2023-02-06T12:33:47+00:00","og_image":[{"url":"https:\/\/sagerequipamientos.com.ar\/wp-content\/uploads\/2023\/02\/INICIO-BANNER.jpg","type":"","width":"","height":""}],"twitter_card":"summary_large_image","twitter_misc":{"Tiempo de lectura":"1 minuto"},"schema":{"@context":"https:\/\/schema.org","@graph":[{"@type":"WebPage","@id":"https:\/\/sagerequipamientos.com.ar\/","url":"https:\/\/sagerequipamientos.com.ar\/","name":"INICIO - Sager Equipamientos","isPartOf":{"@id":"http:\/\/sagerequipamientos.com.ar\/#website"},"primaryImageOfPage":{"@id":"https:\/\/sagerequipamientos.com.ar\/#primaryimage"},"image":{"@id":"https:\/\/sagerequipamientos.com.ar\/#primaryimage"},"thumbnailUrl":"https:\/\/sagerequipamientos.com.ar\/wp-content\/uploads\/2023\/02\/INICIO-BANNER.jpg","datePublished":"2023-01-29T23:46:47+00:00","dateModified":"2023-02-06T12:33:47+00:00","description":"\u25b7 \u00bfQue equipamiento necesito? . Las Mejores marcas de Equipamientos para supermercado, gastronom\u00edas, panader\u00edas, refrigeraci\u00f3n comercial ?\u2705","breadcrumb":{"@id":"https:\/\/sagerequipamientos.com.ar\/#breadcrumb"},"inLanguage":"es","potentialAction":[{"@type":"ReadAction","target":["https:\/\/sagerequipamientos.com.ar\/"]}]},{"@type":"ImageObject","inLanguage":"es","@id":"https:\/\/sagerequipamientos.com.ar\/#primaryimage","url":"https:\/\/sagerequipamientos.com.ar\/wp-content\/uploads\/2023\/02\/INICIO-BANNER.jpg","contentUrl":"https:\/\/sagerequipamientos.com.ar\/wp-content\/uploads\/2023\/02\/INICIO-BANNER.jpg"},{"@type":"BreadcrumbList","@id":"https:\/\/sagerequipamientos.com.ar\/#breadcrumb","itemListElement":[{"@type":"ListItem","position":1,"name":"Portada","item":"https:\/\/sagerequipamientos.com.ar\/"},{"@type":"ListItem","position":2,"name":"INICIO"}]},{"@type":"WebSite","@id":"http:\/\/sagerequipamientos.com.ar\/#website","url":"http:\/\/sagerequipamientos.com.ar\/","name":"Sager Equipamientos","description":"Equipamientos para supermercados, gastronom\u00edas, panader\u00edas, refrigeraci\u00f3n comercial","publisher":{"@id":"http:\/\/sagerequipamientos.com.ar\/#organization"},"potentialAction":[{"@type":"SearchAction","target":{"@type":"EntryPoint","urlTemplate":"http:\/\/sagerequipamientos.com.ar\/?s={search_term_string}"},"query-input":{"@type":"PropertyValueSpecification","valueRequired":true,"valueName":"search_term_string"}}],"inLanguage":"es"},{"@type":"Organization","@id":"http:\/\/sagerequipamientos.com.ar\/#organization","name":"Sager Equipamientos","url":"http:\/\/sagerequipamientos.com.ar\/","logo":{"@type":"ImageObject","inLanguage":"es","@id":"http:\/\/sagerequipamientos.com.ar\/#\/schema\/logo\/image\/","url":"https:\/\/sagerequipamientos.com.ar\/wp-content\/uploads\/2023\/01\/cropped-cropped-Marca-Sager-Equipamientos-comerciales-01.png","contentUrl":"https:\/\/sagerequipamientos.com.ar\/wp-content\/uploads\/2023\/01\/cropped-cropped-Marca-Sager-Equipamientos-comerciales-01.png","width":253,"height":253,"caption":"Sager Equipamientos"},"image":{"@id":"http:\/\/sagerequipamientos.com.ar\/#\/schema\/logo\/image\/"},"sameAs":["https:\/\/www.facebook.com\/sager.equipamientos.misiones","https:\/\/www.instagram.com\/equipamientos_sager\/"]}]}},"_links":{"self":[{"href":"https:\/\/sagerequipamientos.com.ar\/index.php\/wp-json\/wp\/v2\/pages\/1496","targetHints":{"allow":["GET"]}}],"collection":[{"href":"https:\/\/sagerequipamientos.com.ar\/index.php\/wp-json\/wp\/v2\/pages"}],"about":[{"href":"https:\/\/sagerequipamientos.com.ar\/index.php\/wp-json\/wp\/v2\/types\/page"}],"author":[{"embeddable":true,"href":"https:\/\/sagerequipamientos.com.ar\/index.php\/wp-json\/wp\/v2\/users\/1"}],"replies":[{"embeddable":true,"href":"https:\/\/sagerequipamientos.com.ar\/index.php\/wp-json\/wp\/v2\/comments?post=1496"}],"version-history":[{"count":21,"href":"https:\/\/sagerequipamientos.com.ar\/index.php\/wp-json\/wp\/v2\/pages\/1496\/revisions"}],"predecessor-version":[{"id":1599,"href":"https:\/\/sagerequipamientos.com.ar\/index.php\/wp-json\/wp\/v2\/pages\/1496\/revisions\/1599"}],"wp:attachment":[{"href":"https:\/\/sagerequipamientos.com.ar\/index.php\/wp-json\/wp\/v2\/media?parent=1496"}],"curies":[{"name":"wp","href":"https:\/\/api.w.org\/{rel}","templated":true}]}}