{"id":211,"date":"2019-10-11T12:14:48","date_gmt":"2019-10-11T15:14:48","guid":{"rendered":"https:\/\/laroccaneumaticos.com\/index.php\/carrito\/"},"modified":"2022-04-27T20:23:43","modified_gmt":"2022-04-27T23:23:43","slug":"carrito","status":"publish","type":"page","link":"https:\/\/sagerequipamientos.com.ar\/index.php\/carrito\/","title":{"rendered":"Carrito de compras"},"content":{"rendered":"\n","protected":false},"excerpt":{"rendered":"","protected":false},"author":1,"featured_media":0,"parent":0,"menu_order":0,"comment_status":"closed","ping_status":"closed","template":"","meta":{"om_disable_all_campaigns":false,"_monsterinsights_skip_tracking":false,"_monsterinsights_sitenote_active":false,"_monsterinsights_sitenote_note":"","_monsterinsights_sitenote_category":0,"footnotes":""},"class_list":["post-211","page","type-page","status-publish","hentry"],"yoast_head":"<!-- This site is optimized with the Yoast SEO plugin v27.4 - https:\/\/yoast.com\/product\/yoast-seo-wordpress\/ -->\n<title>Carrito de compras - Sager Equipamientos<\/title>\n<meta name=\"description\" content=\"\u25b7Descubre la nueva colecci\u00f3n de L\u00e1ska online. Las \u00faltimas tendencias de la moda en dise\u00f1os \u00fanicos e irrepetibles. \u23fa\" \/>\n<meta name=\"robots\" content=\"index, follow, max-snippet:-1, max-image-preview:large, max-video-preview:-1\" \/>\n<link rel=\"canonical\" href=\"http:\/\/sagerequipamientos.com.ar\/index.php\/carrito\/\" \/>\n<meta property=\"og:locale\" content=\"es_ES\" \/>\n<meta property=\"og:type\" content=\"article\" \/>\n<meta property=\"og:title\" content=\"Carrito de compras - Sager Equipamientos\" \/>\n<meta property=\"og:description\" content=\"\u25b7Descubre la nueva colecci\u00f3n de L\u00e1ska online. Las \u00faltimas tendencias de la moda en dise\u00f1os \u00fanicos e irrepetibles. \u23fa\" \/>\n<meta property=\"og:url\" content=\"http:\/\/sagerequipamientos.com.ar\/index.php\/carrito\/\" \/>\n<meta property=\"og:site_name\" content=\"Sager Equipamientos\" \/>\n<meta property=\"article:publisher\" content=\"https:\/\/www.facebook.com\/sager.equipamientos.misiones\" \/>\n<meta property=\"article:modified_time\" content=\"2022-04-27T23:23:43+00:00\" \/>\n<meta name=\"twitter:card\" content=\"summary_large_image\" \/>\n<meta name=\"twitter:label1\" content=\"Tiempo de lectura\" \/>\n\t<meta name=\"twitter:data1\" content=\"1 minuto\" \/>\n<script type=\"application\/ld+json\" class=\"yoast-schema-graph\">{\"@context\":\"https:\\\/\\\/schema.org\",\"@graph\":[{\"@type\":\"WebPage\",\"@id\":\"http:\\\/\\\/sagerequipamientos.com.ar\\\/index.php\\\/carrito\\\/\",\"url\":\"http:\\\/\\\/sagerequipamientos.com.ar\\\/index.php\\\/carrito\\\/\",\"name\":\"Carrito de compras - Sager Equipamientos\",\"isPartOf\":{\"@id\":\"http:\\\/\\\/sagerequipamientos.com.ar\\\/#website\"},\"datePublished\":\"2019-10-11T15:14:48+00:00\",\"dateModified\":\"2022-04-27T23:23:43+00:00\",\"description\":\"\u25b7Descubre la nueva colecci\u00f3n de L\u00e1ska online. Las \u00faltimas tendencias de la moda en dise\u00f1os \u00fanicos e irrepetibles. \u23fa\",\"breadcrumb\":{\"@id\":\"http:\\\/\\\/sagerequipamientos.com.ar\\\/index.php\\\/carrito\\\/#breadcrumb\"},\"inLanguage\":\"es\",\"potentialAction\":[{\"@type\":\"ReadAction\",\"target\":[\"http:\\\/\\\/sagerequipamientos.com.ar\\\/index.php\\\/carrito\\\/\"]}]},{\"@type\":\"BreadcrumbList\",\"@id\":\"http:\\\/\\\/sagerequipamientos.com.ar\\\/index.php\\\/carrito\\\/#breadcrumb\",\"itemListElement\":[{\"@type\":\"ListItem\",\"position\":1,\"name\":\"Portada\",\"item\":\"https:\\\/\\\/sagerequipamientos.com.ar\\\/\"},{\"@type\":\"ListItem\",\"position\":2,\"name\":\"Carrito de compras\"}]},{\"@type\":\"WebSite\",\"@id\":\"http:\\\/\\\/sagerequipamientos.com.ar\\\/#website\",\"url\":\"http:\\\/\\\/sagerequipamientos.com.ar\\\/\",\"name\":\"Sager Equipamientos\",\"description\":\"Equipamientos para supermercados, gastronom\u00edas, panader\u00edas, refrigeraci\u00f3n comercial\",\"publisher\":{\"@id\":\"http:\\\/\\\/sagerequipamientos.com.ar\\\/#organization\"},\"potentialAction\":[{\"@type\":\"SearchAction\",\"target\":{\"@type\":\"EntryPoint\",\"urlTemplate\":\"http:\\\/\\\/sagerequipamientos.com.ar\\\/?s={search_term_string}\"},\"query-input\":{\"@type\":\"PropertyValueSpecification\",\"valueRequired\":true,\"valueName\":\"search_term_string\"}}],\"inLanguage\":\"es\"},{\"@type\":\"Organization\",\"@id\":\"http:\\\/\\\/sagerequipamientos.com.ar\\\/#organization\",\"name\":\"Sager Equipamientos\",\"url\":\"http:\\\/\\\/sagerequipamientos.com.ar\\\/\",\"logo\":{\"@type\":\"ImageObject\",\"inLanguage\":\"es\",\"@id\":\"http:\\\/\\\/sagerequipamientos.com.ar\\\/#\\\/schema\\\/logo\\\/image\\\/\",\"url\":\"https:\\\/\\\/sagerequipamientos.com.ar\\\/wp-content\\\/uploads\\\/2023\\\/01\\\/cropped-cropped-Marca-Sager-Equipamientos-comerciales-01.png\",\"contentUrl\":\"https:\\\/\\\/sagerequipamientos.com.ar\\\/wp-content\\\/uploads\\\/2023\\\/01\\\/cropped-cropped-Marca-Sager-Equipamientos-comerciales-01.png\",\"width\":253,\"height\":253,\"caption\":\"Sager Equipamientos\"},\"image\":{\"@id\":\"http:\\\/\\\/sagerequipamientos.com.ar\\\/#\\\/schema\\\/logo\\\/image\\\/\"},\"sameAs\":[\"https:\\\/\\\/www.facebook.com\\\/sager.equipamientos.misiones\",\"https:\\\/\\\/www.instagram.com\\\/equipamientos_sager\\\/\"]}]}<\/script>\n<!-- \/ Yoast SEO plugin. -->","yoast_head_json":{"title":"Carrito de compras - Sager Equipamientos","description":"\u25b7Descubre la nueva colecci\u00f3n de L\u00e1ska online. Las \u00faltimas tendencias de la moda en dise\u00f1os \u00fanicos e irrepetibles. \u23fa","robots":{"index":"index","follow":"follow","max-snippet":"max-snippet:-1","max-image-preview":"max-image-preview:large","max-video-preview":"max-video-preview:-1"},"canonical":"http:\/\/sagerequipamientos.com.ar\/index.php\/carrito\/","og_locale":"es_ES","og_type":"article","og_title":"Carrito de compras - Sager Equipamientos","og_description":"\u25b7Descubre la nueva colecci\u00f3n de L\u00e1ska online. Las \u00faltimas tendencias de la moda en dise\u00f1os \u00fanicos e irrepetibles. \u23fa","og_url":"http:\/\/sagerequipamientos.com.ar\/index.php\/carrito\/","og_site_name":"Sager Equipamientos","article_publisher":"https:\/\/www.facebook.com\/sager.equipamientos.misiones","article_modified_time":"2022-04-27T23:23:43+00:00","twitter_card":"summary_large_image","twitter_misc":{"Tiempo de lectura":"1 minuto"},"schema":{"@context":"https:\/\/schema.org","@graph":[{"@type":"WebPage","@id":"http:\/\/sagerequipamientos.com.ar\/index.php\/carrito\/","url":"http:\/\/sagerequipamientos.com.ar\/index.php\/carrito\/","name":"Carrito de compras - Sager Equipamientos","isPartOf":{"@id":"http:\/\/sagerequipamientos.com.ar\/#website"},"datePublished":"2019-10-11T15:14:48+00:00","dateModified":"2022-04-27T23:23:43+00:00","description":"\u25b7Descubre la nueva colecci\u00f3n de L\u00e1ska online. Las \u00faltimas tendencias de la moda en dise\u00f1os \u00fanicos e irrepetibles. \u23fa","breadcrumb":{"@id":"http:\/\/sagerequipamientos.com.ar\/index.php\/carrito\/#breadcrumb"},"inLanguage":"es","potentialAction":[{"@type":"ReadAction","target":["http:\/\/sagerequipamientos.com.ar\/index.php\/carrito\/"]}]},{"@type":"BreadcrumbList","@id":"http:\/\/sagerequipamientos.com.ar\/index.php\/carrito\/#breadcrumb","itemListElement":[{"@type":"ListItem","position":1,"name":"Portada","item":"https:\/\/sagerequipamientos.com.ar\/"},{"@type":"ListItem","position":2,"name":"Carrito de compras"}]},{"@type":"WebSite","@id":"http:\/\/sagerequipamientos.com.ar\/#website","url":"http:\/\/sagerequipamientos.com.ar\/","name":"Sager Equipamientos","description":"Equipamientos para supermercados, gastronom\u00edas, panader\u00edas, refrigeraci\u00f3n comercial","publisher":{"@id":"http:\/\/sagerequipamientos.com.ar\/#organization"},"potentialAction":[{"@type":"SearchAction","target":{"@type":"EntryPoint","urlTemplate":"http:\/\/sagerequipamientos.com.ar\/?s={search_term_string}"},"query-input":{"@type":"PropertyValueSpecification","valueRequired":true,"valueName":"search_term_string"}}],"inLanguage":"es"},{"@type":"Organization","@id":"http:\/\/sagerequipamientos.com.ar\/#organization","name":"Sager Equipamientos","url":"http:\/\/sagerequipamientos.com.ar\/","logo":{"@type":"ImageObject","inLanguage":"es","@id":"http:\/\/sagerequipamientos.com.ar\/#\/schema\/logo\/image\/","url":"https:\/\/sagerequipamientos.com.ar\/wp-content\/uploads\/2023\/01\/cropped-cropped-Marca-Sager-Equipamientos-comerciales-01.png","contentUrl":"https:\/\/sagerequipamientos.com.ar\/wp-content\/uploads\/2023\/01\/cropped-cropped-Marca-Sager-Equipamientos-comerciales-01.png","width":253,"height":253,"caption":"Sager Equipamientos"},"image":{"@id":"http:\/\/sagerequipamientos.com.ar\/#\/schema\/logo\/image\/"},"sameAs":["https:\/\/www.facebook.com\/sager.equipamientos.misiones","https:\/\/www.instagram.com\/equipamientos_sager\/"]}]}},"_links":{"self":[{"href":"https:\/\/sagerequipamientos.com.ar\/index.php\/wp-json\/wp\/v2\/pages\/211","targetHints":{"allow":["GET"]}}],"collection":[{"href":"https:\/\/sagerequipamientos.com.ar\/index.php\/wp-json\/wp\/v2\/pages"}],"about":[{"href":"https:\/\/sagerequipamientos.com.ar\/index.php\/wp-json\/wp\/v2\/types\/page"}],"author":[{"embeddable":true,"href":"https:\/\/sagerequipamientos.com.ar\/index.php\/wp-json\/wp\/v2\/users\/1"}],"replies":[{"embeddable":true,"href":"https:\/\/sagerequipamientos.com.ar\/index.php\/wp-json\/wp\/v2\/comments?post=211"}],"version-history":[{"count":1,"href":"https:\/\/sagerequipamientos.com.ar\/index.php\/wp-json\/wp\/v2\/pages\/211\/revisions"}],"predecessor-version":[{"id":1133,"href":"https:\/\/sagerequipamientos.com.ar\/index.php\/wp-json\/wp\/v2\/pages\/211\/revisions\/1133"}],"wp:attachment":[{"href":"https:\/\/sagerequipamientos.com.ar\/index.php\/wp-json\/wp\/v2\/media?parent=211"}],"curies":[{"name":"wp","href":"https:\/\/api.w.org\/{rel}","templated":true}]}}