{"id":39,"date":"2019-09-28T23:11:08","date_gmt":"2019-09-29T02:11:08","guid":{"rendered":"http:\/\/laroccaneumaticos.com\/?page_id=39"},"modified":"2023-02-02T10:36:04","modified_gmt":"2023-02-02T13:36:04","slug":"contacto","status":"publish","type":"page","link":"https:\/\/sagerequipamientos.com.ar\/index.php\/contacto\/","title":{"rendered":"CONT\u00c1CTENOS"},"content":{"rendered":"\n<p>Cont\u00e1ctenos mediante el formulario para acceder a un asesoramiento personalizado, un representante se comunicar\u00e1 a la brevedad para una atenci\u00f3n m\u00e1s eficiente.<\/p>\n\n\n\n<p>Tambi\u00e9n puede hacer click en el bot\u00f3n de WhastApp y obtener una communicaci\u00f3n al instante.<\/p>\n\n\n\n\n<div class=\"wpcf7 no-js\" id=\"wpcf7-f19-o1\" lang=\"es-AR\" dir=\"ltr\" data-wpcf7-id=\"19\">\n<div class=\"screen-reader-response\"><p role=\"status\" aria-live=\"polite\" aria-atomic=\"true\"><\/p> <ul><\/ul><\/div>\n<form action=\"\/index.php\/wp-json\/wp\/v2\/pages\/39#wpcf7-f19-o1\" method=\"post\" class=\"wpcf7-form init\" aria-label=\"Formulario de contacto\" novalidate=\"novalidate\" data-status=\"init\">\n<fieldset class=\"hidden-fields-container\"><input type=\"hidden\" name=\"_wpcf7\" value=\"19\" \/><input type=\"hidden\" name=\"_wpcf7_version\" value=\"6.1.5\" \/><input type=\"hidden\" name=\"_wpcf7_locale\" value=\"es_AR\" \/><input type=\"hidden\" name=\"_wpcf7_unit_tag\" value=\"wpcf7-f19-o1\" \/><input type=\"hidden\" name=\"_wpcf7_container_post\" value=\"0\" \/><input type=\"hidden\" name=\"_wpcf7_posted_data_hash\" value=\"\" \/>\n<\/fieldset>\n<p><label> Nombre (obligatorio)<br \/>\n<span class=\"wpcf7-form-control-wrap\" data-name=\"your-name\"><input size=\"40\" maxlength=\"400\" class=\"wpcf7-form-control wpcf7-text wpcf7-validates-as-required\" aria-required=\"true\" aria-invalid=\"false\" value=\"\" type=\"text\" name=\"your-name\" \/><\/span> <\/label>\n<\/p>\n<p><label> Correo electr\u00f3nico (obligatorio)<br \/>\n<span class=\"wpcf7-form-control-wrap\" data-name=\"your-email\"><input size=\"40\" maxlength=\"400\" class=\"wpcf7-form-control wpcf7-email wpcf7-validates-as-required wpcf7-text wpcf7-validates-as-email\" aria-required=\"true\" aria-invalid=\"false\" value=\"\" type=\"email\" name=\"your-email\" \/><\/span> <\/label>\n<\/p>\n<p><label> Asunto<br \/>\n<span class=\"wpcf7-form-control-wrap\" data-name=\"your-subject\"><input size=\"40\" maxlength=\"400\" class=\"wpcf7-form-control wpcf7-text\" aria-invalid=\"false\" value=\"\" type=\"text\" name=\"your-subject\" \/><\/span> <\/label>\n<\/p>\n<p><label> Mensaje<br \/>\n<span class=\"wpcf7-form-control-wrap\" data-name=\"your-message\"><textarea cols=\"40\" rows=\"10\" maxlength=\"2000\" class=\"wpcf7-form-control wpcf7-textarea\" aria-invalid=\"false\" name=\"your-message\"><\/textarea><\/span> <\/label>\n<\/p>\n<p><input class=\"wpcf7-form-control wpcf7-submit has-spinner\" type=\"submit\" value=\"Enviar\" \/>\n<\/p><div class=\"wpcf7-response-output\" aria-hidden=\"true\"><\/div>\n<\/form>\n<\/div>\n\n\n\n\n<p><a href=\"mailto:contacto@sagerequipamientos.com.ar\">contacto@sagerequipamientos.com.ar<\/a><\/p>\n","protected":false},"excerpt":{"rendered":"<p>Cont\u00e1ctenos mediante el formulario para acceder a un asesoramiento personalizado, un representante se comunicar\u00e1 a la brevedad para una atenci\u00f3n m\u00e1s eficiente. Tambi\u00e9n puede hacer click en el bot\u00f3n de WhastApp y obtener una communicaci\u00f3n al instante. contacto@sagerequipamientos.com.ar<\/p>\n","protected":false},"author":1,"featured_media":0,"parent":0,"menu_order":0,"comment_status":"closed","ping_status":"closed","template":"","meta":{"om_disable_all_campaigns":false,"_monsterinsights_skip_tracking":false,"_monsterinsights_sitenote_active":false,"_monsterinsights_sitenote_note":"","_monsterinsights_sitenote_category":0,"footnotes":""},"class_list":["post-39","page","type-page","status-publish","hentry"],"yoast_head":"<!-- This site is optimized with the Yoast SEO plugin v27.4 - https:\/\/yoast.com\/product\/yoast-seo-wordpress\/ -->\n<title>CONT\u00c1CTENOS - Sager Equipamientos<\/title>\n<meta name=\"description\" content=\"\u25b7 \u00bfQue equipamiento necesito? . Las Mejores marcas de Equipamientos para supermercado, gastronom\u00edas, panader\u00edas, refrigeraci\u00f3n comercial ?\u2705\" \/>\n<meta name=\"robots\" content=\"index, follow, max-snippet:-1, max-image-preview:large, max-video-preview:-1\" \/>\n<link rel=\"canonical\" href=\"https:\/\/sagerequipamientos.com.ar\/index.php\/contacto\/\" \/>\n<meta property=\"og:locale\" content=\"es_ES\" \/>\n<meta property=\"og:type\" content=\"article\" \/>\n<meta property=\"og:title\" content=\"CONT\u00c1CTENOS - Sager Equipamientos\" \/>\n<meta property=\"og:description\" content=\"\u25b7 \u00bfQue equipamiento necesito? . Las Mejores marcas de Equipamientos para supermercado, gastronom\u00edas, panader\u00edas, refrigeraci\u00f3n comercial ?\u2705\" \/>\n<meta property=\"og:url\" content=\"https:\/\/sagerequipamientos.com.ar\/index.php\/contacto\/\" \/>\n<meta property=\"og:site_name\" content=\"Sager Equipamientos\" \/>\n<meta property=\"article:publisher\" content=\"https:\/\/www.facebook.com\/sager.equipamientos.misiones\" \/>\n<meta property=\"article:modified_time\" content=\"2023-02-02T13:36:04+00:00\" \/>\n<meta name=\"twitter:card\" content=\"summary_large_image\" \/>\n<meta name=\"twitter:label1\" content=\"Tiempo de lectura\" \/>\n\t<meta name=\"twitter:data1\" content=\"1 minuto\" \/>\n<script type=\"application\/ld+json\" class=\"yoast-schema-graph\">{\"@context\":\"https:\\\/\\\/schema.org\",\"@graph\":[{\"@type\":\"WebPage\",\"@id\":\"https:\\\/\\\/sagerequipamientos.com.ar\\\/index.php\\\/contacto\\\/\",\"url\":\"https:\\\/\\\/sagerequipamientos.com.ar\\\/index.php\\\/contacto\\\/\",\"name\":\"CONT\u00c1CTENOS - Sager Equipamientos\",\"isPartOf\":{\"@id\":\"http:\\\/\\\/sagerequipamientos.com.ar\\\/#website\"},\"datePublished\":\"2019-09-29T02:11:08+00:00\",\"dateModified\":\"2023-02-02T13:36:04+00:00\",\"description\":\"\u25b7 \u00bfQue equipamiento necesito? . Las Mejores marcas de Equipamientos para supermercado, gastronom\u00edas, panader\u00edas, refrigeraci\u00f3n comercial ?\u2705\",\"breadcrumb\":{\"@id\":\"https:\\\/\\\/sagerequipamientos.com.ar\\\/index.php\\\/contacto\\\/#breadcrumb\"},\"inLanguage\":\"es\",\"potentialAction\":[{\"@type\":\"ReadAction\",\"target\":[\"https:\\\/\\\/sagerequipamientos.com.ar\\\/index.php\\\/contacto\\\/\"]}]},{\"@type\":\"BreadcrumbList\",\"@id\":\"https:\\\/\\\/sagerequipamientos.com.ar\\\/index.php\\\/contacto\\\/#breadcrumb\",\"itemListElement\":[{\"@type\":\"ListItem\",\"position\":1,\"name\":\"Portada\",\"item\":\"https:\\\/\\\/sagerequipamientos.com.ar\\\/\"},{\"@type\":\"ListItem\",\"position\":2,\"name\":\"CONT\u00c1CTENOS\"}]},{\"@type\":\"WebSite\",\"@id\":\"http:\\\/\\\/sagerequipamientos.com.ar\\\/#website\",\"url\":\"http:\\\/\\\/sagerequipamientos.com.ar\\\/\",\"name\":\"Sager Equipamientos\",\"description\":\"Equipamientos para supermercados, gastronom\u00edas, panader\u00edas, refrigeraci\u00f3n comercial\",\"publisher\":{\"@id\":\"http:\\\/\\\/sagerequipamientos.com.ar\\\/#organization\"},\"potentialAction\":[{\"@type\":\"SearchAction\",\"target\":{\"@type\":\"EntryPoint\",\"urlTemplate\":\"http:\\\/\\\/sagerequipamientos.com.ar\\\/?s={search_term_string}\"},\"query-input\":{\"@type\":\"PropertyValueSpecification\",\"valueRequired\":true,\"valueName\":\"search_term_string\"}}],\"inLanguage\":\"es\"},{\"@type\":\"Organization\",\"@id\":\"http:\\\/\\\/sagerequipamientos.com.ar\\\/#organization\",\"name\":\"Sager Equipamientos\",\"url\":\"http:\\\/\\\/sagerequipamientos.com.ar\\\/\",\"logo\":{\"@type\":\"ImageObject\",\"inLanguage\":\"es\",\"@id\":\"http:\\\/\\\/sagerequipamientos.com.ar\\\/#\\\/schema\\\/logo\\\/image\\\/\",\"url\":\"https:\\\/\\\/sagerequipamientos.com.ar\\\/wp-content\\\/uploads\\\/2023\\\/01\\\/cropped-cropped-Marca-Sager-Equipamientos-comerciales-01.png\",\"contentUrl\":\"https:\\\/\\\/sagerequipamientos.com.ar\\\/wp-content\\\/uploads\\\/2023\\\/01\\\/cropped-cropped-Marca-Sager-Equipamientos-comerciales-01.png\",\"width\":253,\"height\":253,\"caption\":\"Sager Equipamientos\"},\"image\":{\"@id\":\"http:\\\/\\\/sagerequipamientos.com.ar\\\/#\\\/schema\\\/logo\\\/image\\\/\"},\"sameAs\":[\"https:\\\/\\\/www.facebook.com\\\/sager.equipamientos.misiones\",\"https:\\\/\\\/www.instagram.com\\\/equipamientos_sager\\\/\"]}]}<\/script>\n<!-- \/ Yoast SEO plugin. -->","yoast_head_json":{"title":"CONT\u00c1CTENOS - Sager Equipamientos","description":"\u25b7 \u00bfQue equipamiento necesito? . Las Mejores marcas de Equipamientos para supermercado, gastronom\u00edas, panader\u00edas, refrigeraci\u00f3n comercial ?\u2705","robots":{"index":"index","follow":"follow","max-snippet":"max-snippet:-1","max-image-preview":"max-image-preview:large","max-video-preview":"max-video-preview:-1"},"canonical":"https:\/\/sagerequipamientos.com.ar\/index.php\/contacto\/","og_locale":"es_ES","og_type":"article","og_title":"CONT\u00c1CTENOS - Sager Equipamientos","og_description":"\u25b7 \u00bfQue equipamiento necesito? . Las Mejores marcas de Equipamientos para supermercado, gastronom\u00edas, panader\u00edas, refrigeraci\u00f3n comercial ?\u2705","og_url":"https:\/\/sagerequipamientos.com.ar\/index.php\/contacto\/","og_site_name":"Sager Equipamientos","article_publisher":"https:\/\/www.facebook.com\/sager.equipamientos.misiones","article_modified_time":"2023-02-02T13:36:04+00:00","twitter_card":"summary_large_image","twitter_misc":{"Tiempo de lectura":"1 minuto"},"schema":{"@context":"https:\/\/schema.org","@graph":[{"@type":"WebPage","@id":"https:\/\/sagerequipamientos.com.ar\/index.php\/contacto\/","url":"https:\/\/sagerequipamientos.com.ar\/index.php\/contacto\/","name":"CONT\u00c1CTENOS - Sager Equipamientos","isPartOf":{"@id":"http:\/\/sagerequipamientos.com.ar\/#website"},"datePublished":"2019-09-29T02:11:08+00:00","dateModified":"2023-02-02T13:36:04+00:00","description":"\u25b7 \u00bfQue equipamiento necesito? . Las Mejores marcas de Equipamientos para supermercado, gastronom\u00edas, panader\u00edas, refrigeraci\u00f3n comercial ?\u2705","breadcrumb":{"@id":"https:\/\/sagerequipamientos.com.ar\/index.php\/contacto\/#breadcrumb"},"inLanguage":"es","potentialAction":[{"@type":"ReadAction","target":["https:\/\/sagerequipamientos.com.ar\/index.php\/contacto\/"]}]},{"@type":"BreadcrumbList","@id":"https:\/\/sagerequipamientos.com.ar\/index.php\/contacto\/#breadcrumb","itemListElement":[{"@type":"ListItem","position":1,"name":"Portada","item":"https:\/\/sagerequipamientos.com.ar\/"},{"@type":"ListItem","position":2,"name":"CONT\u00c1CTENOS"}]},{"@type":"WebSite","@id":"http:\/\/sagerequipamientos.com.ar\/#website","url":"http:\/\/sagerequipamientos.com.ar\/","name":"Sager Equipamientos","description":"Equipamientos para supermercados, gastronom\u00edas, panader\u00edas, refrigeraci\u00f3n comercial","publisher":{"@id":"http:\/\/sagerequipamientos.com.ar\/#organization"},"potentialAction":[{"@type":"SearchAction","target":{"@type":"EntryPoint","urlTemplate":"http:\/\/sagerequipamientos.com.ar\/?s={search_term_string}"},"query-input":{"@type":"PropertyValueSpecification","valueRequired":true,"valueName":"search_term_string"}}],"inLanguage":"es"},{"@type":"Organization","@id":"http:\/\/sagerequipamientos.com.ar\/#organization","name":"Sager Equipamientos","url":"http:\/\/sagerequipamientos.com.ar\/","logo":{"@type":"ImageObject","inLanguage":"es","@id":"http:\/\/sagerequipamientos.com.ar\/#\/schema\/logo\/image\/","url":"https:\/\/sagerequipamientos.com.ar\/wp-content\/uploads\/2023\/01\/cropped-cropped-Marca-Sager-Equipamientos-comerciales-01.png","contentUrl":"https:\/\/sagerequipamientos.com.ar\/wp-content\/uploads\/2023\/01\/cropped-cropped-Marca-Sager-Equipamientos-comerciales-01.png","width":253,"height":253,"caption":"Sager Equipamientos"},"image":{"@id":"http:\/\/sagerequipamientos.com.ar\/#\/schema\/logo\/image\/"},"sameAs":["https:\/\/www.facebook.com\/sager.equipamientos.misiones","https:\/\/www.instagram.com\/equipamientos_sager\/"]}]}},"_links":{"self":[{"href":"https:\/\/sagerequipamientos.com.ar\/index.php\/wp-json\/wp\/v2\/pages\/39","targetHints":{"allow":["GET"]}}],"collection":[{"href":"https:\/\/sagerequipamientos.com.ar\/index.php\/wp-json\/wp\/v2\/pages"}],"about":[{"href":"https:\/\/sagerequipamientos.com.ar\/index.php\/wp-json\/wp\/v2\/types\/page"}],"author":[{"embeddable":true,"href":"https:\/\/sagerequipamientos.com.ar\/index.php\/wp-json\/wp\/v2\/users\/1"}],"replies":[{"embeddable":true,"href":"https:\/\/sagerequipamientos.com.ar\/index.php\/wp-json\/wp\/v2\/comments?post=39"}],"version-history":[{"count":6,"href":"https:\/\/sagerequipamientos.com.ar\/index.php\/wp-json\/wp\/v2\/pages\/39\/revisions"}],"predecessor-version":[{"id":1600,"href":"https:\/\/sagerequipamientos.com.ar\/index.php\/wp-json\/wp\/v2\/pages\/39\/revisions\/1600"}],"wp:attachment":[{"href":"https:\/\/sagerequipamientos.com.ar\/index.php\/wp-json\/wp\/v2\/media?parent=39"}],"curies":[{"name":"wp","href":"https:\/\/api.w.org\/{rel}","templated":true}]}}