{"id":1607,"date":"2023-02-02T15:14:04","date_gmt":"2023-02-02T18:14:04","guid":{"rendered":"https:\/\/sagerequipamientos.com.ar\/?post_type=product&#038;p=1607"},"modified":"2023-02-03T13:31:50","modified_gmt":"2023-02-03T16:31:50","slug":"linea-freezer-fr3000","status":"publish","type":"product","link":"https:\/\/sagerequipamientos.com.ar\/index.php\/producto\/linea-freezer-fr3000\/","title":{"rendered":"L\u00ednea Freezer FR3000"},"content":{"rendered":"","protected":false},"excerpt":{"rendered":"","protected":false},"featured_media":1608,"comment_status":"open","ping_status":"closed","template":"","meta":{"om_disable_all_campaigns":false,"_monsterinsights_skip_tracking":false,"_monsterinsights_sitenote_active":false,"_monsterinsights_sitenote_note":"","_monsterinsights_sitenote_category":0},"product_brand":[],"product_cat":[188],"product_tag":[],"class_list":{"0":"post-1607","1":"product","2":"type-product","3":"status-publish","4":"has-post-thumbnail","6":"product_cat-linea_refrigeracion","8":"first","9":"instock","10":"taxable","11":"shipping-taxable","12":"purchasable","13":"product-type-simple"},"yoast_head":"<!-- This site is optimized with the Yoast SEO plugin v27.4 - https:\/\/yoast.com\/product\/yoast-seo-wordpress\/ -->\n<title>L\u00ednea Freezer FR3000 - Sager Equipamientos<\/title>\n<meta name=\"description\" content=\"\u25b7 \u00bfQue equipamiento necesito? . Las Mejores marcas de Equipamientos para supermercado, gastronom\u00edas, panader\u00edas, refrigeraci\u00f3n comercial ?\u2705\" \/>\n<meta name=\"robots\" content=\"index, follow, max-snippet:-1, max-image-preview:large, max-video-preview:-1\" \/>\n<link rel=\"canonical\" href=\"https:\/\/sagerequipamientos.com.ar\/index.php\/producto\/linea-freezer-fr3000\/\" \/>\n<meta property=\"og:locale\" content=\"es_ES\" \/>\n<meta property=\"og:type\" content=\"article\" \/>\n<meta property=\"og:title\" content=\"L\u00ednea Freezer FR3000 - Sager Equipamientos\" \/>\n<meta property=\"og:description\" content=\"\u25b7 \u00bfQue equipamiento necesito? . Las Mejores marcas de Equipamientos para supermercado, gastronom\u00edas, panader\u00edas, refrigeraci\u00f3n comercial ?\u2705\" \/>\n<meta property=\"og:url\" content=\"https:\/\/sagerequipamientos.com.ar\/index.php\/producto\/linea-freezer-fr3000\/\" \/>\n<meta property=\"og:site_name\" content=\"Sager Equipamientos\" \/>\n<meta property=\"article:publisher\" content=\"https:\/\/www.facebook.com\/sager.equipamientos.misiones\" \/>\n<meta property=\"article:modified_time\" content=\"2023-02-03T16:31:50+00:00\" \/>\n<meta property=\"og:image\" content=\"http:\/\/sagerequipamientos.com.ar\/wp-content\/uploads\/2023\/02\/fr3300.jpeg\" \/>\n\t<meta property=\"og:image:width\" content=\"1080\" \/>\n\t<meta property=\"og:image:height\" content=\"1080\" \/>\n\t<meta property=\"og:image:type\" content=\"image\/jpeg\" \/>\n<meta name=\"twitter:card\" content=\"summary_large_image\" \/>\n<script type=\"application\/ld+json\" class=\"yoast-schema-graph\">{\"@context\":\"https:\\\/\\\/schema.org\",\"@graph\":[{\"@type\":\"WebPage\",\"@id\":\"https:\\\/\\\/sagerequipamientos.com.ar\\\/index.php\\\/producto\\\/linea-freezer-fr3000\\\/\",\"url\":\"https:\\\/\\\/sagerequipamientos.com.ar\\\/index.php\\\/producto\\\/linea-freezer-fr3000\\\/\",\"name\":\"L\u00ednea Freezer FR3000 - Sager Equipamientos\",\"isPartOf\":{\"@id\":\"http:\\\/\\\/sagerequipamientos.com.ar\\\/#website\"},\"primaryImageOfPage\":{\"@id\":\"https:\\\/\\\/sagerequipamientos.com.ar\\\/index.php\\\/producto\\\/linea-freezer-fr3000\\\/#primaryimage\"},\"image\":{\"@id\":\"https:\\\/\\\/sagerequipamientos.com.ar\\\/index.php\\\/producto\\\/linea-freezer-fr3000\\\/#primaryimage\"},\"thumbnailUrl\":\"https:\\\/\\\/sagerequipamientos.com.ar\\\/wp-content\\\/uploads\\\/2023\\\/02\\\/fr3300.jpeg\",\"datePublished\":\"2023-02-02T18:14:04+00:00\",\"dateModified\":\"2023-02-03T16:31:50+00:00\",\"description\":\"\u25b7 \u00bfQue equipamiento necesito? . Las Mejores marcas de Equipamientos para supermercado, gastronom\u00edas, panader\u00edas, refrigeraci\u00f3n comercial ?\u2705\",\"breadcrumb\":{\"@id\":\"https:\\\/\\\/sagerequipamientos.com.ar\\\/index.php\\\/producto\\\/linea-freezer-fr3000\\\/#breadcrumb\"},\"inLanguage\":\"es\",\"potentialAction\":[{\"@type\":\"ReadAction\",\"target\":[\"https:\\\/\\\/sagerequipamientos.com.ar\\\/index.php\\\/producto\\\/linea-freezer-fr3000\\\/\"]}]},{\"@type\":\"ImageObject\",\"inLanguage\":\"es\",\"@id\":\"https:\\\/\\\/sagerequipamientos.com.ar\\\/index.php\\\/producto\\\/linea-freezer-fr3000\\\/#primaryimage\",\"url\":\"https:\\\/\\\/sagerequipamientos.com.ar\\\/wp-content\\\/uploads\\\/2023\\\/02\\\/fr3300.jpeg\",\"contentUrl\":\"https:\\\/\\\/sagerequipamientos.com.ar\\\/wp-content\\\/uploads\\\/2023\\\/02\\\/fr3300.jpeg\",\"width\":1080,\"height\":1080},{\"@type\":\"BreadcrumbList\",\"@id\":\"https:\\\/\\\/sagerequipamientos.com.ar\\\/index.php\\\/producto\\\/linea-freezer-fr3000\\\/#breadcrumb\",\"itemListElement\":[{\"@type\":\"ListItem\",\"position\":1,\"name\":\"Portada\",\"item\":\"https:\\\/\\\/sagerequipamientos.com.ar\\\/\"},{\"@type\":\"ListItem\",\"position\":2,\"name\":\"Tienda\",\"item\":\"https:\\\/\\\/sagerequipamientos.com.ar\\\/index.php\\\/tienda\\\/\"},{\"@type\":\"ListItem\",\"position\":3,\"name\":\"L\u00ednea Freezer FR3000\"}]},{\"@type\":\"WebSite\",\"@id\":\"http:\\\/\\\/sagerequipamientos.com.ar\\\/#website\",\"url\":\"http:\\\/\\\/sagerequipamientos.com.ar\\\/\",\"name\":\"Sager Equipamientos\",\"description\":\"Equipamientos para supermercados, gastronom\u00edas, panader\u00edas, refrigeraci\u00f3n comercial\",\"publisher\":{\"@id\":\"http:\\\/\\\/sagerequipamientos.com.ar\\\/#organization\"},\"potentialAction\":[{\"@type\":\"SearchAction\",\"target\":{\"@type\":\"EntryPoint\",\"urlTemplate\":\"http:\\\/\\\/sagerequipamientos.com.ar\\\/?s={search_term_string}\"},\"query-input\":{\"@type\":\"PropertyValueSpecification\",\"valueRequired\":true,\"valueName\":\"search_term_string\"}}],\"inLanguage\":\"es\"},{\"@type\":\"Organization\",\"@id\":\"http:\\\/\\\/sagerequipamientos.com.ar\\\/#organization\",\"name\":\"Sager Equipamientos\",\"url\":\"http:\\\/\\\/sagerequipamientos.com.ar\\\/\",\"logo\":{\"@type\":\"ImageObject\",\"inLanguage\":\"es\",\"@id\":\"http:\\\/\\\/sagerequipamientos.com.ar\\\/#\\\/schema\\\/logo\\\/image\\\/\",\"url\":\"https:\\\/\\\/sagerequipamientos.com.ar\\\/wp-content\\\/uploads\\\/2023\\\/01\\\/cropped-cropped-Marca-Sager-Equipamientos-comerciales-01.png\",\"contentUrl\":\"https:\\\/\\\/sagerequipamientos.com.ar\\\/wp-content\\\/uploads\\\/2023\\\/01\\\/cropped-cropped-Marca-Sager-Equipamientos-comerciales-01.png\",\"width\":253,\"height\":253,\"caption\":\"Sager Equipamientos\"},\"image\":{\"@id\":\"http:\\\/\\\/sagerequipamientos.com.ar\\\/#\\\/schema\\\/logo\\\/image\\\/\"},\"sameAs\":[\"https:\\\/\\\/www.facebook.com\\\/sager.equipamientos.misiones\",\"https:\\\/\\\/www.instagram.com\\\/equipamientos_sager\\\/\"]}]}<\/script>\n<!-- \/ Yoast SEO plugin. -->","yoast_head_json":{"title":"L\u00ednea Freezer FR3000 - Sager Equipamientos","description":"\u25b7 \u00bfQue equipamiento necesito? . Las Mejores marcas de Equipamientos para supermercado, gastronom\u00edas, panader\u00edas, refrigeraci\u00f3n comercial ?\u2705","robots":{"index":"index","follow":"follow","max-snippet":"max-snippet:-1","max-image-preview":"max-image-preview:large","max-video-preview":"max-video-preview:-1"},"canonical":"https:\/\/sagerequipamientos.com.ar\/index.php\/producto\/linea-freezer-fr3000\/","og_locale":"es_ES","og_type":"article","og_title":"L\u00ednea Freezer FR3000 - Sager Equipamientos","og_description":"\u25b7 \u00bfQue equipamiento necesito? . Las Mejores marcas de Equipamientos para supermercado, gastronom\u00edas, panader\u00edas, refrigeraci\u00f3n comercial ?\u2705","og_url":"https:\/\/sagerequipamientos.com.ar\/index.php\/producto\/linea-freezer-fr3000\/","og_site_name":"Sager Equipamientos","article_publisher":"https:\/\/www.facebook.com\/sager.equipamientos.misiones","article_modified_time":"2023-02-03T16:31:50+00:00","og_image":[{"width":1080,"height":1080,"url":"http:\/\/sagerequipamientos.com.ar\/wp-content\/uploads\/2023\/02\/fr3300.jpeg","type":"image\/jpeg"}],"twitter_card":"summary_large_image","schema":{"@context":"https:\/\/schema.org","@graph":[{"@type":"WebPage","@id":"https:\/\/sagerequipamientos.com.ar\/index.php\/producto\/linea-freezer-fr3000\/","url":"https:\/\/sagerequipamientos.com.ar\/index.php\/producto\/linea-freezer-fr3000\/","name":"L\u00ednea Freezer FR3000 - Sager Equipamientos","isPartOf":{"@id":"http:\/\/sagerequipamientos.com.ar\/#website"},"primaryImageOfPage":{"@id":"https:\/\/sagerequipamientos.com.ar\/index.php\/producto\/linea-freezer-fr3000\/#primaryimage"},"image":{"@id":"https:\/\/sagerequipamientos.com.ar\/index.php\/producto\/linea-freezer-fr3000\/#primaryimage"},"thumbnailUrl":"https:\/\/sagerequipamientos.com.ar\/wp-content\/uploads\/2023\/02\/fr3300.jpeg","datePublished":"2023-02-02T18:14:04+00:00","dateModified":"2023-02-03T16:31:50+00:00","description":"\u25b7 \u00bfQue equipamiento necesito? . Las Mejores marcas de Equipamientos para supermercado, gastronom\u00edas, panader\u00edas, refrigeraci\u00f3n comercial ?\u2705","breadcrumb":{"@id":"https:\/\/sagerequipamientos.com.ar\/index.php\/producto\/linea-freezer-fr3000\/#breadcrumb"},"inLanguage":"es","potentialAction":[{"@type":"ReadAction","target":["https:\/\/sagerequipamientos.com.ar\/index.php\/producto\/linea-freezer-fr3000\/"]}]},{"@type":"ImageObject","inLanguage":"es","@id":"https:\/\/sagerequipamientos.com.ar\/index.php\/producto\/linea-freezer-fr3000\/#primaryimage","url":"https:\/\/sagerequipamientos.com.ar\/wp-content\/uploads\/2023\/02\/fr3300.jpeg","contentUrl":"https:\/\/sagerequipamientos.com.ar\/wp-content\/uploads\/2023\/02\/fr3300.jpeg","width":1080,"height":1080},{"@type":"BreadcrumbList","@id":"https:\/\/sagerequipamientos.com.ar\/index.php\/producto\/linea-freezer-fr3000\/#breadcrumb","itemListElement":[{"@type":"ListItem","position":1,"name":"Portada","item":"https:\/\/sagerequipamientos.com.ar\/"},{"@type":"ListItem","position":2,"name":"Tienda","item":"https:\/\/sagerequipamientos.com.ar\/index.php\/tienda\/"},{"@type":"ListItem","position":3,"name":"L\u00ednea Freezer FR3000"}]},{"@type":"WebSite","@id":"http:\/\/sagerequipamientos.com.ar\/#website","url":"http:\/\/sagerequipamientos.com.ar\/","name":"Sager Equipamientos","description":"Equipamientos para supermercados, gastronom\u00edas, panader\u00edas, refrigeraci\u00f3n comercial","publisher":{"@id":"http:\/\/sagerequipamientos.com.ar\/#organization"},"potentialAction":[{"@type":"SearchAction","target":{"@type":"EntryPoint","urlTemplate":"http:\/\/sagerequipamientos.com.ar\/?s={search_term_string}"},"query-input":{"@type":"PropertyValueSpecification","valueRequired":true,"valueName":"search_term_string"}}],"inLanguage":"es"},{"@type":"Organization","@id":"http:\/\/sagerequipamientos.com.ar\/#organization","name":"Sager Equipamientos","url":"http:\/\/sagerequipamientos.com.ar\/","logo":{"@type":"ImageObject","inLanguage":"es","@id":"http:\/\/sagerequipamientos.com.ar\/#\/schema\/logo\/image\/","url":"https:\/\/sagerequipamientos.com.ar\/wp-content\/uploads\/2023\/01\/cropped-cropped-Marca-Sager-Equipamientos-comerciales-01.png","contentUrl":"https:\/\/sagerequipamientos.com.ar\/wp-content\/uploads\/2023\/01\/cropped-cropped-Marca-Sager-Equipamientos-comerciales-01.png","width":253,"height":253,"caption":"Sager Equipamientos"},"image":{"@id":"http:\/\/sagerequipamientos.com.ar\/#\/schema\/logo\/image\/"},"sameAs":["https:\/\/www.facebook.com\/sager.equipamientos.misiones","https:\/\/www.instagram.com\/equipamientos_sager\/"]}]}},"_links":{"self":[{"href":"https:\/\/sagerequipamientos.com.ar\/index.php\/wp-json\/wp\/v2\/product\/1607","targetHints":{"allow":["GET"]}}],"collection":[{"href":"https:\/\/sagerequipamientos.com.ar\/index.php\/wp-json\/wp\/v2\/product"}],"about":[{"href":"https:\/\/sagerequipamientos.com.ar\/index.php\/wp-json\/wp\/v2\/types\/product"}],"replies":[{"embeddable":true,"href":"https:\/\/sagerequipamientos.com.ar\/index.php\/wp-json\/wp\/v2\/comments?post=1607"}],"wp:featuredmedia":[{"embeddable":true,"href":"https:\/\/sagerequipamientos.com.ar\/index.php\/wp-json\/wp\/v2\/media\/1608"}],"wp:attachment":[{"href":"https:\/\/sagerequipamientos.com.ar\/index.php\/wp-json\/wp\/v2\/media?parent=1607"}],"wp:term":[{"taxonomy":"product_brand","embeddable":true,"href":"https:\/\/sagerequipamientos.com.ar\/index.php\/wp-json\/wp\/v2\/product_brand?post=1607"},{"taxonomy":"product_cat","embeddable":true,"href":"https:\/\/sagerequipamientos.com.ar\/index.php\/wp-json\/wp\/v2\/product_cat?post=1607"},{"taxonomy":"product_tag","embeddable":true,"href":"https:\/\/sagerequipamientos.com.ar\/index.php\/wp-json\/wp\/v2\/product_tag?post=1607"}],"curies":[{"name":"wp","href":"https:\/\/api.w.org\/{rel}","templated":true}]}}