{"id":1909,"date":"2023-05-20T10:07:33","date_gmt":"2023-05-20T13:07:33","guid":{"rendered":"https:\/\/sagerequipamientos.com.ar\/?post_type=product&#038;p=1909"},"modified":"2023-05-20T10:07:34","modified_gmt":"2023-05-20T13:07:34","slug":"bombo-masajeador-de-40-lts","status":"publish","type":"product","link":"https:\/\/sagerequipamientos.com.ar\/index.php\/producto\/bombo-masajeador-de-40-lts\/","title":{"rendered":"BOMBO MASAJEADOR DE 40 LTS."},"content":{"rendered":"","protected":false},"excerpt":{"rendered":"","protected":false},"featured_media":1910,"comment_status":"open","ping_status":"closed","template":"","meta":{"om_disable_all_campaigns":false,"_monsterinsights_skip_tracking":false,"_monsterinsights_sitenote_active":false,"_monsterinsights_sitenote_note":"","_monsterinsights_sitenote_category":0},"product_brand":[],"product_cat":[16],"product_tag":[],"class_list":{"0":"post-1909","1":"product","2":"type-product","3":"status-publish","4":"has-post-thumbnail","6":"product_cat-linea-carniceria","8":"first","9":"instock","10":"taxable","11":"shipping-taxable","12":"purchasable","13":"product-type-simple"},"yoast_head":"<!-- This site is optimized with the Yoast SEO plugin v27.4 - https:\/\/yoast.com\/product\/yoast-seo-wordpress\/ -->\n<title>BOMBO MASAJEADOR DE 40 LTS. - Sager Equipamientos<\/title>\n<meta name=\"robots\" content=\"index, follow, max-snippet:-1, max-image-preview:large, max-video-preview:-1\" \/>\n<link rel=\"canonical\" href=\"https:\/\/sagerequipamientos.com.ar\/index.php\/producto\/bombo-masajeador-de-40-lts\/\" \/>\n<meta property=\"og:locale\" content=\"es_ES\" \/>\n<meta property=\"og:type\" content=\"article\" \/>\n<meta property=\"og:title\" content=\"BOMBO MASAJEADOR DE 40 LTS. - Sager Equipamientos\" \/>\n<meta property=\"og:url\" content=\"https:\/\/sagerequipamientos.com.ar\/index.php\/producto\/bombo-masajeador-de-40-lts\/\" \/>\n<meta property=\"og:site_name\" content=\"Sager Equipamientos\" \/>\n<meta property=\"article:publisher\" content=\"https:\/\/www.facebook.com\/sager.equipamientos.misiones\" \/>\n<meta property=\"article:modified_time\" content=\"2023-05-20T13:07:34+00:00\" \/>\n<meta property=\"og:image\" content=\"http:\/\/sagerequipamientos.com.ar\/wp-content\/uploads\/2023\/05\/BID-Bombo-de-masajeo-de-40-litros.jpg\" \/>\n\t<meta property=\"og:image:width\" content=\"1080\" \/>\n\t<meta property=\"og:image:height\" content=\"1080\" \/>\n\t<meta property=\"og:image:type\" content=\"image\/jpeg\" \/>\n<meta name=\"twitter:card\" content=\"summary_large_image\" \/>\n<script type=\"application\/ld+json\" class=\"yoast-schema-graph\">{\"@context\":\"https:\\\/\\\/schema.org\",\"@graph\":[{\"@type\":\"WebPage\",\"@id\":\"https:\\\/\\\/sagerequipamientos.com.ar\\\/index.php\\\/producto\\\/bombo-masajeador-de-40-lts\\\/\",\"url\":\"https:\\\/\\\/sagerequipamientos.com.ar\\\/index.php\\\/producto\\\/bombo-masajeador-de-40-lts\\\/\",\"name\":\"BOMBO MASAJEADOR DE 40 LTS. - Sager Equipamientos\",\"isPartOf\":{\"@id\":\"http:\\\/\\\/sagerequipamientos.com.ar\\\/#website\"},\"primaryImageOfPage\":{\"@id\":\"https:\\\/\\\/sagerequipamientos.com.ar\\\/index.php\\\/producto\\\/bombo-masajeador-de-40-lts\\\/#primaryimage\"},\"image\":{\"@id\":\"https:\\\/\\\/sagerequipamientos.com.ar\\\/index.php\\\/producto\\\/bombo-masajeador-de-40-lts\\\/#primaryimage\"},\"thumbnailUrl\":\"https:\\\/\\\/sagerequipamientos.com.ar\\\/wp-content\\\/uploads\\\/2023\\\/05\\\/BID-Bombo-de-masajeo-de-40-litros.jpg\",\"datePublished\":\"2023-05-20T13:07:33+00:00\",\"dateModified\":\"2023-05-20T13:07:34+00:00\",\"breadcrumb\":{\"@id\":\"https:\\\/\\\/sagerequipamientos.com.ar\\\/index.php\\\/producto\\\/bombo-masajeador-de-40-lts\\\/#breadcrumb\"},\"inLanguage\":\"es\",\"potentialAction\":[{\"@type\":\"ReadAction\",\"target\":[\"https:\\\/\\\/sagerequipamientos.com.ar\\\/index.php\\\/producto\\\/bombo-masajeador-de-40-lts\\\/\"]}]},{\"@type\":\"ImageObject\",\"inLanguage\":\"es\",\"@id\":\"https:\\\/\\\/sagerequipamientos.com.ar\\\/index.php\\\/producto\\\/bombo-masajeador-de-40-lts\\\/#primaryimage\",\"url\":\"https:\\\/\\\/sagerequipamientos.com.ar\\\/wp-content\\\/uploads\\\/2023\\\/05\\\/BID-Bombo-de-masajeo-de-40-litros.jpg\",\"contentUrl\":\"https:\\\/\\\/sagerequipamientos.com.ar\\\/wp-content\\\/uploads\\\/2023\\\/05\\\/BID-Bombo-de-masajeo-de-40-litros.jpg\",\"width\":1080,\"height\":1080},{\"@type\":\"BreadcrumbList\",\"@id\":\"https:\\\/\\\/sagerequipamientos.com.ar\\\/index.php\\\/producto\\\/bombo-masajeador-de-40-lts\\\/#breadcrumb\",\"itemListElement\":[{\"@type\":\"ListItem\",\"position\":1,\"name\":\"Portada\",\"item\":\"https:\\\/\\\/sagerequipamientos.com.ar\\\/\"},{\"@type\":\"ListItem\",\"position\":2,\"name\":\"Tienda\",\"item\":\"https:\\\/\\\/sagerequipamientos.com.ar\\\/index.php\\\/tienda\\\/\"},{\"@type\":\"ListItem\",\"position\":3,\"name\":\"BOMBO MASAJEADOR DE 40 LTS.\"}]},{\"@type\":\"WebSite\",\"@id\":\"http:\\\/\\\/sagerequipamientos.com.ar\\\/#website\",\"url\":\"http:\\\/\\\/sagerequipamientos.com.ar\\\/\",\"name\":\"Sager Equipamientos\",\"description\":\"Equipamientos para supermercados, gastronom\u00edas, panader\u00edas, refrigeraci\u00f3n comercial\",\"publisher\":{\"@id\":\"http:\\\/\\\/sagerequipamientos.com.ar\\\/#organization\"},\"potentialAction\":[{\"@type\":\"SearchAction\",\"target\":{\"@type\":\"EntryPoint\",\"urlTemplate\":\"http:\\\/\\\/sagerequipamientos.com.ar\\\/?s={search_term_string}\"},\"query-input\":{\"@type\":\"PropertyValueSpecification\",\"valueRequired\":true,\"valueName\":\"search_term_string\"}}],\"inLanguage\":\"es\"},{\"@type\":\"Organization\",\"@id\":\"http:\\\/\\\/sagerequipamientos.com.ar\\\/#organization\",\"name\":\"Sager Equipamientos\",\"url\":\"http:\\\/\\\/sagerequipamientos.com.ar\\\/\",\"logo\":{\"@type\":\"ImageObject\",\"inLanguage\":\"es\",\"@id\":\"http:\\\/\\\/sagerequipamientos.com.ar\\\/#\\\/schema\\\/logo\\\/image\\\/\",\"url\":\"https:\\\/\\\/sagerequipamientos.com.ar\\\/wp-content\\\/uploads\\\/2023\\\/01\\\/cropped-cropped-Marca-Sager-Equipamientos-comerciales-01.png\",\"contentUrl\":\"https:\\\/\\\/sagerequipamientos.com.ar\\\/wp-content\\\/uploads\\\/2023\\\/01\\\/cropped-cropped-Marca-Sager-Equipamientos-comerciales-01.png\",\"width\":253,\"height\":253,\"caption\":\"Sager Equipamientos\"},\"image\":{\"@id\":\"http:\\\/\\\/sagerequipamientos.com.ar\\\/#\\\/schema\\\/logo\\\/image\\\/\"},\"sameAs\":[\"https:\\\/\\\/www.facebook.com\\\/sager.equipamientos.misiones\",\"https:\\\/\\\/www.instagram.com\\\/equipamientos_sager\\\/\"]}]}<\/script>\n<!-- \/ Yoast SEO plugin. -->","yoast_head_json":{"title":"BOMBO MASAJEADOR DE 40 LTS. - Sager Equipamientos","robots":{"index":"index","follow":"follow","max-snippet":"max-snippet:-1","max-image-preview":"max-image-preview:large","max-video-preview":"max-video-preview:-1"},"canonical":"https:\/\/sagerequipamientos.com.ar\/index.php\/producto\/bombo-masajeador-de-40-lts\/","og_locale":"es_ES","og_type":"article","og_title":"BOMBO MASAJEADOR DE 40 LTS. - Sager Equipamientos","og_url":"https:\/\/sagerequipamientos.com.ar\/index.php\/producto\/bombo-masajeador-de-40-lts\/","og_site_name":"Sager Equipamientos","article_publisher":"https:\/\/www.facebook.com\/sager.equipamientos.misiones","article_modified_time":"2023-05-20T13:07:34+00:00","og_image":[{"width":1080,"height":1080,"url":"http:\/\/sagerequipamientos.com.ar\/wp-content\/uploads\/2023\/05\/BID-Bombo-de-masajeo-de-40-litros.jpg","type":"image\/jpeg"}],"twitter_card":"summary_large_image","schema":{"@context":"https:\/\/schema.org","@graph":[{"@type":"WebPage","@id":"https:\/\/sagerequipamientos.com.ar\/index.php\/producto\/bombo-masajeador-de-40-lts\/","url":"https:\/\/sagerequipamientos.com.ar\/index.php\/producto\/bombo-masajeador-de-40-lts\/","name":"BOMBO MASAJEADOR DE 40 LTS. - Sager Equipamientos","isPartOf":{"@id":"http:\/\/sagerequipamientos.com.ar\/#website"},"primaryImageOfPage":{"@id":"https:\/\/sagerequipamientos.com.ar\/index.php\/producto\/bombo-masajeador-de-40-lts\/#primaryimage"},"image":{"@id":"https:\/\/sagerequipamientos.com.ar\/index.php\/producto\/bombo-masajeador-de-40-lts\/#primaryimage"},"thumbnailUrl":"https:\/\/sagerequipamientos.com.ar\/wp-content\/uploads\/2023\/05\/BID-Bombo-de-masajeo-de-40-litros.jpg","datePublished":"2023-05-20T13:07:33+00:00","dateModified":"2023-05-20T13:07:34+00:00","breadcrumb":{"@id":"https:\/\/sagerequipamientos.com.ar\/index.php\/producto\/bombo-masajeador-de-40-lts\/#breadcrumb"},"inLanguage":"es","potentialAction":[{"@type":"ReadAction","target":["https:\/\/sagerequipamientos.com.ar\/index.php\/producto\/bombo-masajeador-de-40-lts\/"]}]},{"@type":"ImageObject","inLanguage":"es","@id":"https:\/\/sagerequipamientos.com.ar\/index.php\/producto\/bombo-masajeador-de-40-lts\/#primaryimage","url":"https:\/\/sagerequipamientos.com.ar\/wp-content\/uploads\/2023\/05\/BID-Bombo-de-masajeo-de-40-litros.jpg","contentUrl":"https:\/\/sagerequipamientos.com.ar\/wp-content\/uploads\/2023\/05\/BID-Bombo-de-masajeo-de-40-litros.jpg","width":1080,"height":1080},{"@type":"BreadcrumbList","@id":"https:\/\/sagerequipamientos.com.ar\/index.php\/producto\/bombo-masajeador-de-40-lts\/#breadcrumb","itemListElement":[{"@type":"ListItem","position":1,"name":"Portada","item":"https:\/\/sagerequipamientos.com.ar\/"},{"@type":"ListItem","position":2,"name":"Tienda","item":"https:\/\/sagerequipamientos.com.ar\/index.php\/tienda\/"},{"@type":"ListItem","position":3,"name":"BOMBO MASAJEADOR DE 40 LTS."}]},{"@type":"WebSite","@id":"http:\/\/sagerequipamientos.com.ar\/#website","url":"http:\/\/sagerequipamientos.com.ar\/","name":"Sager Equipamientos","description":"Equipamientos para supermercados, gastronom\u00edas, panader\u00edas, refrigeraci\u00f3n comercial","publisher":{"@id":"http:\/\/sagerequipamientos.com.ar\/#organization"},"potentialAction":[{"@type":"SearchAction","target":{"@type":"EntryPoint","urlTemplate":"http:\/\/sagerequipamientos.com.ar\/?s={search_term_string}"},"query-input":{"@type":"PropertyValueSpecification","valueRequired":true,"valueName":"search_term_string"}}],"inLanguage":"es"},{"@type":"Organization","@id":"http:\/\/sagerequipamientos.com.ar\/#organization","name":"Sager Equipamientos","url":"http:\/\/sagerequipamientos.com.ar\/","logo":{"@type":"ImageObject","inLanguage":"es","@id":"http:\/\/sagerequipamientos.com.ar\/#\/schema\/logo\/image\/","url":"https:\/\/sagerequipamientos.com.ar\/wp-content\/uploads\/2023\/01\/cropped-cropped-Marca-Sager-Equipamientos-comerciales-01.png","contentUrl":"https:\/\/sagerequipamientos.com.ar\/wp-content\/uploads\/2023\/01\/cropped-cropped-Marca-Sager-Equipamientos-comerciales-01.png","width":253,"height":253,"caption":"Sager Equipamientos"},"image":{"@id":"http:\/\/sagerequipamientos.com.ar\/#\/schema\/logo\/image\/"},"sameAs":["https:\/\/www.facebook.com\/sager.equipamientos.misiones","https:\/\/www.instagram.com\/equipamientos_sager\/"]}]}},"_links":{"self":[{"href":"https:\/\/sagerequipamientos.com.ar\/index.php\/wp-json\/wp\/v2\/product\/1909","targetHints":{"allow":["GET"]}}],"collection":[{"href":"https:\/\/sagerequipamientos.com.ar\/index.php\/wp-json\/wp\/v2\/product"}],"about":[{"href":"https:\/\/sagerequipamientos.com.ar\/index.php\/wp-json\/wp\/v2\/types\/product"}],"replies":[{"embeddable":true,"href":"https:\/\/sagerequipamientos.com.ar\/index.php\/wp-json\/wp\/v2\/comments?post=1909"}],"wp:featuredmedia":[{"embeddable":true,"href":"https:\/\/sagerequipamientos.com.ar\/index.php\/wp-json\/wp\/v2\/media\/1910"}],"wp:attachment":[{"href":"https:\/\/sagerequipamientos.com.ar\/index.php\/wp-json\/wp\/v2\/media?parent=1909"}],"wp:term":[{"taxonomy":"product_brand","embeddable":true,"href":"https:\/\/sagerequipamientos.com.ar\/index.php\/wp-json\/wp\/v2\/product_brand?post=1909"},{"taxonomy":"product_cat","embeddable":true,"href":"https:\/\/sagerequipamientos.com.ar\/index.php\/wp-json\/wp\/v2\/product_cat?post=1909"},{"taxonomy":"product_tag","embeddable":true,"href":"https:\/\/sagerequipamientos.com.ar\/index.php\/wp-json\/wp\/v2\/product_tag?post=1909"}],"curies":[{"name":"wp","href":"https:\/\/api.w.org\/{rel}","templated":true}]}}